{"id":1008,"date":"2024-10-26T14:59:34","date_gmt":"2024-10-26T14:59:34","guid":{"rendered":"https:\/\/luckyjet.io\/cach-rut-tien-tu-lucky-jet\/"},"modified":"2024-12-17T18:29:06","modified_gmt":"2024-12-17T18:29:06","slug":"cach-rut-tien-tu-lucky-jet","status":"publish","type":"page","link":"https:\/\/luckyjet.io\/vi\/cach-rut-tien-tu-lucky-jet\/","title":{"rendered":"C\u00e1ch r\u00fat ti\u1ec1n t\u1eeb Lucky Jet"},"content":{"rendered":"\t\t<div data-elementor-type=\"wp-page\" data-elementor-id=\"1008\" class=\"elementor elementor-1008\">\n\t\t\t\t<div class=\"elementor-element elementor-element-7079a769 e-flex e-con-boxed e-con e-parent\" data-id=\"7079a769\" data-element_type=\"container\">\n\t\t\t\t\t<div class=\"e-con-inner\">\n\t\t\t\t<div class=\"elementor-element elementor-element-327248a elementor-widget elementor-widget-text-editor\" data-id=\"327248a\" data-element_type=\"widget\" data-widget_type=\"text-editor.default\">\n\t\t\t\t<div class=\"elementor-widget-container\">\n\t\t\t\t\t\t\t\t\tLucky Jet \u0111\u00e3 tr\u1edf th\u00e0nh m\u1ed9t trong nh\u1eefng tr\u00f2 ch\u01a1i ph\u1ed5 bi\u1ebfn nh\u1ea5t d\u00e0nh cho nh\u1eefng ng\u01b0\u1eddi \u0111am m\u00ea tr\u00f2 ch\u01a1i tr\u1ef1c tuy\u1ebfn. H\u01b0\u1edbng d\u1eabn n\u00e0y cung c\u1ea5p c\u00e1i nh\u00ecn to\u00e0n di\u1ec7n v\u1ec1 c\u00e1ch r\u00fat ti\u1ec1n th\u1eafng c\u01b0\u1ee3c c\u1ee7a b\u1ea1n t\u1eeb Lucky Jet, n\u00eau chi ti\u1ebft c\u00e1c b\u01b0\u1edbc, ph\u01b0\u01a1ng ph\u00e1p kh\u1ea3 d\u1ee5ng v\u00e0 c\u00e1c c\u00e2u h\u1ecfi th\u01b0\u1eddng g\u1eb7p \u0111\u1ec3 \u0111\u1ea3m b\u1ea3o giao d\u1ecbch di\u1ec5n ra su\u00f4n s\u1ebb. <a href=\"https:\/\/luckyjet.io\/vi\/\">Lucky Jet<\/a> l\u00e0 m\u1ed9t tr\u00f2 ch\u01a1i tr\u1ef1c tuy\u1ebfn k\u1ebft h\u1ee3p l\u1ed1i ch\u01a1i nhanh v\u1edbi ti\u1ec1m n\u0103ng ki\u1ebfm \u0111\u01b0\u1ee3c nhi\u1ec1u ti\u1ec1n. Ng\u01b0\u1eddi ch\u01a1i \u0111\u1eb7t c\u01b0\u1ee3c v\u00e0o th\u1eddi gian m\u00e1y bay ph\u1ea3n l\u1ef1c c\u00f3 th\u1ec3 bay \u0111\u01b0\u1ee3c bao l\u00e2u tr\u01b0\u1edbc khi r\u01a1i, v\u1edbi s\u1ed1 ti\u1ec1n th\u1eafng c\u01b0\u1ee3c t\u0103ng l\u00ean theo th\u1eddi gian h\u1ecd gi\u1eef c\u01b0\u1ee3c. V\u1edbi kh\u1ea3 n\u0103ng nh\u1eadn \u0111\u01b0\u1ee3c ph\u1ea7n th\u01b0\u1edfng l\u1edbn, vi\u1ec7c hi\u1ec3u r\u00f5 quy tr\u00ecnh r\u00fat ti\u1ec1n l\u00e0 \u0111i\u1ec1u c\u1ea7n thi\u1ebft \u0111\u1ed1i v\u1edbi ng\u01b0\u1eddi ch\u01a1i. \n\n  \n<h2>T\u1ed5ng quan v\u1ec1 quy tr\u00ecnh r\u00fat ti\u1ec1n c\u1ee7a Lucky Jet<\/h2>\nQuy tr\u00ecnh r\u00fat ti\u1ec1n tr\u00ean Lucky Jet r\u1ea5t \u0111\u01a1n gi\u1ea3n, nh\u01b0ng b\u1ea1n ph\u1ea3i th\u1ef1c hi\u1ec7n ch\u00ednh x\u00e1c m\u1ed9t s\u1ed1 b\u01b0\u1edbc. Nh\u00ecn chung, vi\u1ec7c r\u00fat ti\u1ec1n y\u00eau c\u1ea7u: \n<ul>\n \t<li><strong>X\u00e1c minh danh t\u00ednh<\/strong> v\u00ec l\u00fd do an ninh.<\/li>\n \t<li>L\u1ef1a ch\u1ecdn <strong>ph\u01b0\u01a1ng th\u1ee9c thanh to\u00e1n<\/strong> nh\u01b0 chuy\u1ec3n kho\u1ea3n ng\u00e2n h\u00e0ng, v\u00ed \u0111i\u1ec7n t\u1eed ho\u1eb7c ti\u1ec1n \u0111i\u1ec7n t\u1eed.<\/li>\n \t<li>\u0110\u00e1p \u1ee9ng c\u00e1c y\u00eau c\u1ea7u r\u00fat ti\u1ec1n t\u1ed1i thi\u1ec3u v\u00e0 tu\u00e2n th\u1ee7 c\u00e1c h\u01b0\u1edbng d\u1eabn c\u1ee7a n\u1ec1n t\u1ea3ng.<\/li>\n<\/ul>\n<h2>H\u01b0\u1edbng d\u1eabn t\u1eebng b\u01b0\u1edbc \u0111\u1ec3 r\u00fat ti\u1ec1n t\u1eeb Lucky Jet<\/h2>\n<strong>B\u01b0\u1edbc 1: \u0110\u0103ng nh\u1eadp v\u00e0o T\u00e0i kho\u1ea3n Lucky Jet c\u1ee7a b\u1ea1n<\/strong>\n Sau khi \u0111\u0103ng nh\u1eadp v\u00e0o t\u00e0i kho\u1ea3n c\u1ee7a b\u1ea1n, h\u00e3y \u0111i\u1ec1u h\u01b0\u1edbng \u0111\u1ebfn ph\u1ea7n r\u00fat ti\u1ec1n, th\u01b0\u1eddng l\u00e0 trong &#8220;T\u00e0i kho\u1ea3n c\u1ee7a t\u00f4i&#8221; ho\u1eb7c &#8220;V\u00ed&#8221;. <strong>B\u01b0\u1edbc 2: Ch\u1ecdn ph\u01b0\u01a1ng th\u1ee9c r\u00fat ti\u1ec1n c\u1ee7a b\u1ea1n<\/strong>\n Lucky Jet cung c\u1ea5p nhi\u1ec1u t\u00f9y ch\u1ecdn r\u00fat ti\u1ec1n kh\u00e1c nhau, bao g\u1ed3m th\u1ebb t\u00edn d\u1ee5ng\/ghi n\u1ee3, chuy\u1ec3n kho\u1ea3n ng\u00e2n h\u00e0ng, v\u00ed \u0111i\u1ec7n t\u1eed v\u00e0 ti\u1ec1n \u0111i\u1ec7n t\u1eed. Ch\u1ecdn ph\u01b0\u01a1ng th\u1ee9c d\u1ec5 ti\u1ebfp c\u1eadn v\u00e0 thu\u1eadn ti\u1ec7n. <strong>B\u01b0\u1edbc 3: X\u00e1c minh danh t\u00ednh c\u1ee7a b\u1ea1n<\/strong>\n Do c\u00e1c quy \u0111\u1ecbnh v\u1ec1 b\u1ea3o m\u1eadt, Lucky Jet c\u00f3 th\u1ec3 y\u00eau c\u1ea7u x\u00e1c minh danh t\u00ednh. Chu\u1ea9n b\u1ecb s\u1eb5n c\u00e1c gi\u1ea5y t\u1edd nh\u01b0 th\u1ebb c\u0103n c\u01b0\u1edbc, h\u00f3a \u0111\u01a1n ti\u1ec7n \u00edch ho\u1eb7c sao k\u00ea ng\u00e2n h\u00e0ng. <strong>B\u01b0\u1edbc 4: Nh\u1eadp S\u1ed1 ti\u1ec1n r\u00fat<\/strong>\n Sau khi ch\u1ecdn ph\u01b0\u01a1ng th\u1ee9c r\u00fat ti\u1ec1n \u01b0a th\u00edch c\u1ee7a b\u1ea1n, h\u00e3y nh\u1eadp s\u1ed1 ti\u1ec1n b\u1ea1n mu\u1ed1n r\u00fat. \u0110\u1ea3m b\u1ea3o s\u1ed1 ti\u1ec1n \u0111\u00f3 \u0111\u00e1p \u1ee9ng ng\u01b0\u1ee1ng t\u1ed1i thi\u1ec3u v\u00e0 t\u1ed1i \u0111a. <strong>B\u01b0\u1edbc 5: X\u00e1c nh\u1eadn R\u00fat ti\u1ec1n<\/strong>\n Ki\u1ec3m tra l\u1ea1i t\u1ea5t c\u1ea3 c\u00e1c th\u00f4ng tin \u0111\u00e3 nh\u1eadp, sau \u0111\u00f3 x\u00e1c nh\u1eadn. Theo d\u00f5i email ho\u1eb7c th\u00f4ng b\u00e1o \u0111\u1ec3 c\u1eadp nh\u1eadt y\u00eau c\u1ea7u c\u1ee7a b\u1ea1n.\n\n \n\n \n\n \n\n \n\n<img fetchpriority=\"high\" decoding=\"async\" class=\"aligncenter wp-image-253 \" src=\"https:\/\/luckyjet.io\/wp-content\/uploads\/2024\/11\/Withdraw-Money-From-Lucky-Jet.webp\" alt=\"\" width=\"677\" height=\"387\" srcset=\"https:\/\/luckyjet.io\/wp-content\/uploads\/2024\/11\/Withdraw-Money-From-Lucky-Jet.webp 1792w, https:\/\/luckyjet.io\/wp-content\/uploads\/2024\/11\/Withdraw-Money-From-Lucky-Jet-300x171.webp 300w, https:\/\/luckyjet.io\/wp-content\/uploads\/2024\/11\/Withdraw-Money-From-Lucky-Jet-1024x585.webp 1024w, https:\/\/luckyjet.io\/wp-content\/uploads\/2024\/11\/Withdraw-Money-From-Lucky-Jet-768x439.webp 768w, https:\/\/luckyjet.io\/wp-content\/uploads\/2024\/11\/Withdraw-Money-From-Lucky-Jet-1536x878.webp 1536w\" sizes=\"(max-width: 677px) 100vw, 677px\" \/>\n<h2>C\u00e1c ph\u01b0\u01a1ng th\u1ee9c thanh to\u00e1n kh\u1ea3 d\u1ee5ng \u0111\u1ec3 r\u00fat ti\u1ec1n t\u1ea1i Lucky Jet<\/h2>\nLucky Jet h\u1ed7 tr\u1ee3 nhi\u1ec1u ph\u01b0\u01a1ng th\u1ee9c thanh to\u00e1n kh\u00e1c nhau \u0111\u1ec3 \u0111\u00e1p \u1ee9ng s\u1edf th\u00edch c\u1ee7a ng\u01b0\u1eddi ch\u01a1i tr\u00ean to\u00e0n th\u1ebf gi\u1edbi. M\u1ed7i t\u00f9y ch\u1ecdn c\u00f3 th\u1eddi gian x\u1eed l\u00fd, ph\u00ed v\u00e0 y\u00eau c\u1ea7u ri\u00eang. <strong>Chuy\u1ec3n kho\u1ea3n ng\u00e2n h\u00e0ng<\/strong>\n Chuy\u1ec3n kho\u1ea3n ng\u00e2n h\u00e0ng l\u00e0 ph\u01b0\u01a1ng ph\u00e1p \u0111\u00e1ng tin c\u1eady \u0111\u1ec3 r\u00fat ti\u1ec1n tr\u1ef1c ti\u1ebfp. Tuy nhi\u00ean, ch\u00fang c\u00f3 th\u1ec3 ph\u1ea3i ch\u1ecbu th\u00eam ph\u00ed v\u00e0 c\u00f3 th\u1ec3 m\u1ea5t t\u1edbi n\u0103m ng\u00e0y l\u00e0m vi\u1ec7c \u0111\u1ec3 x\u1eed l\u00fd. <strong>Th\u1ebb t\u00edn d\u1ee5ng v\u00e0 th\u1ebb ghi n\u1ee3<\/strong>\n \u0110\u01b0\u1ee3c s\u1eed d\u1ee5ng r\u1ed9ng r\u00e3i v\u00e0 \u0111\u01a1n gi\u1ea3n, th\u1ebb t\u00edn d\u1ee5ng\/ghi n\u1ee3 cung c\u1ea5p t\u00f9y ch\u1ecdn r\u00fat ti\u1ec1n \u0111\u00e1ng tin c\u1eady. X\u00e1c nh\u1eadn v\u1edbi \u0111\u01a1n v\u1ecb ph\u00e1t h\u00e0nh th\u1ebb c\u1ee7a b\u1ea1n v\u1ec1 c\u00e1c kho\u1ea3n ph\u00ed giao d\u1ecbch qu\u1ed1c t\u1ebf ti\u1ec1m \u1ea9n. <strong>V\u00ed \u0111i\u1ec7n t\u1eed (PayPal, Skrill, Neteller)<\/strong>\n V\u00ed \u0111i\u1ec7n t\u1eed cung c\u1ea5p d\u1ecbch v\u1ee5 r\u00fat ti\u1ec1n nhanh ch\u00f3ng, an to\u00e0n v\u1edbi m\u1ee9c ph\u00ed th\u1ea5p h\u01a1n. Ch\u00fang c\u0169ng cho ph\u00e9p theo d\u00f5i giao d\u1ecbch d\u1ec5 d\u00e0ng, khi\u1ebfn ch\u00fang tr\u1edf n\u00ean ph\u1ed5 bi\u1ebfn trong gi\u1edbi game th\u1ee7 tr\u1ef1c tuy\u1ebfn. <strong>Ti\u1ec1n \u0111i\u1ec7n t\u1eed (Bitcoin, Ethereum, v.v.)<\/strong>\n Ti\u1ec1n \u0111i\u1ec7n t\u1eed cung c\u1ea5p c\u00e1c t\u00f9y ch\u1ecdn r\u00fat ti\u1ec1n nhanh ch\u00f3ng, kh\u00f4ng m\u1ea5t ph\u00ed. \u0110\u1ea3m b\u1ea3o v\u00ed ti\u1ec1n \u0111i\u1ec7n t\u1eed c\u1ee7a b\u1ea1n \u0111\u01b0\u1ee3c thi\u1ebft l\u1eadp v\u00e0 t\u01b0\u01a1ng th\u00edch v\u1edbi c\u00e1c t\u00f9y ch\u1ecdn ti\u1ec1n \u0111i\u1ec7n t\u1eed c\u1ee7a Lucky Jet. \n\n \n\n \n\n \n\n \n<h2>Gi\u1edbi h\u1ea1n r\u00fat ti\u1ec1n t\u1ed1i thi\u1ec3u v\u00e0 t\u1ed1i \u0111a<\/h2>\nM\u1ed7i ph\u01b0\u01a1ng th\u1ee9c thanh to\u00e1n \u0111\u1ec1u c\u00f3 gi\u1edbi h\u1ea1n t\u1ed1i thi\u1ec3u v\u00e0 t\u1ed1i \u0111a c\u1ee5 th\u1ec3. Nh\u00ecn chung, v\u00ed \u0111i\u1ec7n t\u1eed v\u00e0 ti\u1ec1n \u0111i\u1ec7n t\u1eed c\u00f3 xu h\u01b0\u1edbng c\u00f3 gi\u1edbi h\u1ea1n t\u1ed1i thi\u1ec3u th\u1ea5p h\u01a1n so v\u1edbi chuy\u1ec3n kho\u1ea3n ng\u00e2n h\u00e0ng truy\u1ec1n th\u1ed1ng. \n<table>\n<thead>\n<tr>\n<th>Ph\u01b0\u01a1ng th\u1ee9c thanh to\u00e1n<\/th>\n <th>R\u00fat ti\u1ec1n t\u1ed1i thi\u1ec3u<\/th>\n <th>R\u00fat ti\u1ec1n t\u1ed1i \u0111a<\/th>\n <th>Th\u1eddi gian x\u1eed l\u00fd<\/th>\n<\/tr>\n<\/thead>\n<tbody>\n<tr>\n<td>Chuy\u1ec3n kho\u1ea3n ng\u00e2n h\u00e0ng<\/td>\n <td>50 \u0111\u00f4 la<\/td>\n <td>10.000 \u0111\u00f4 la<\/td>\n <td>3-5 ng\u00e0y l\u00e0m vi\u1ec7c<\/td>\n<\/tr>\n<tr>\n<td>V\u00ed \u0111i\u1ec7n t\u1eed<\/td>\n <td>10 \u0111\u00f4 la<\/td>\n <td>5.000 \u0111\u00f4 la<\/td>\n <td>1-2 Ng\u00e0y l\u00e0m vi\u1ec7c<\/td>\n<\/tr>\n<tr>\n<td>Ti\u1ec1n m\u00e3 h\u00f3a<\/td>\n <td>20 \u0111\u00f4 la<\/td>\n <td>15.000 \u0111\u00f4 la<\/td>\n <td>Ngay l\u1eadp t\u1ee9c \u0111\u1ebfn 24 gi\u1edd<\/td>\n<\/tr>\n<\/tbody>\n<\/table>\n<h2>M\u1eb9o \u0111\u1ec3 tr\u00e1nh s\u1ef1 ch\u1eadm tr\u1ec5 v\u00e0 l\u1ed7i r\u00fat ti\u1ec1n<\/h2>\n<ol>\n \t<li><strong>X\u00e1c minh t\u00e0i kho\u1ea3n s\u1edbm<\/strong> : N\u1ed9p t\u00e0i li\u1ec7u x\u00e1c minh tr\u01b0\u1edbc s\u1ebd gi\u1ea3m thi\u1ec3u s\u1ef1 ch\u1eadm tr\u1ec5.<\/li>\n \t<li><strong>Ki\u1ec3m tra l\u1ea1i th\u00f4ng tin chi ti\u1ebft<\/strong> : \u0110\u1ea3m b\u1ea3o th\u00f4ng tin ng\u00e2n h\u00e0ng ho\u1eb7c \u0111\u1ecba ch\u1ec9 v\u00ed c\u1ee7a b\u1ea1n l\u00e0 ch\u00ednh x\u00e1c.<\/li>\n \t<li><strong>S\u1eed d\u1ee5ng Internet \u0111\u00e1ng tin c\u1eady<\/strong> : Tr\u00e1nh s\u1eed d\u1ee5ng Wi-Fi c\u00f4ng c\u1ed9ng khi th\u1ef1c hi\u1ec7n r\u00fat ti\u1ec1n \u0111\u1ec3 \u0111\u1ea3m b\u1ea3o k\u1ebft n\u1ed1i an to\u00e0n.<\/li>\n<\/ol>\n<h2>C\u00e1c v\u1ea5n \u0111\u1ec1 th\u01b0\u1eddng g\u1eb7p v\u00e0 c\u00e1ch kh\u1eafc ph\u1ee5c khi r\u00fat ti\u1ec1n t\u1ea1i Lucky Jet<\/h2>\nM\u1eb7c d\u00f9 vi\u1ec7c r\u00fat ti\u1ec1n Lucky Jet th\u01b0\u1eddng di\u1ec5n ra su\u00f4n s\u1ebb, nh\u01b0ng \u0111\u00f4i khi ng\u01b0\u1eddi ch\u01a1i c\u00f3 th\u1ec3 g\u1eb7p ph\u1ea3i s\u1ef1 c\u1ed1. Sau \u0111\u00e2y l\u00e0 nh\u1eefng th\u00e1ch th\u1ee9c v\u00e0 gi\u1ea3i ph\u00e1p ph\u1ed5 bi\u1ebfn: \n<ul>\n \t<li><strong>X\u1eed l\u00fd ch\u1eadm tr\u1ec5<\/strong> : X\u00e1c nh\u1eadn b\u1ea1n \u0111\u00e3 ho\u00e0n t\u1ea5t m\u1ecdi x\u00e1c minh t\u00e0i kho\u1ea3n. Th\u1eddi gian x\u1eed l\u00fd kh\u00e1c nhau t\u00f9y thu\u1ed9c v\u00e0o ph\u01b0\u01a1ng th\u1ee9c thanh to\u00e1n \u0111\u00e3 ch\u1ecdn. <\/li>\n \t<li><strong>R\u00fat ti\u1ec1n kh\u00f4ng th\u00e0nh c\u00f4ng<\/strong> : \u0110i\u1ec1u n\u00e0y c\u00f3 th\u1ec3 x\u1ea3y ra n\u1ebfu th\u00f4ng tin nh\u1eadp v\u00e0o kh\u00f4ng ch\u00ednh x\u00e1c ho\u1eb7c n\u1ebfu t\u00e0i kho\u1ea3n ch\u01b0a \u0111\u01b0\u1ee3c x\u00e1c minh. \u0110\u1ea3m b\u1ea3o r\u1eb1ng t\u1ea5t c\u1ea3 th\u00f4ng tin kh\u1edbp v\u1edbi th\u00f4ng tin ng\u00e2n h\u00e0ng ho\u1eb7c v\u00ed c\u1ee7a b\u1ea1n. <\/li>\n \t<li><strong>Ph\u00ed cao<\/strong> : M\u1ed9t s\u1ed1 ph\u01b0\u01a1ng th\u1ee9c thanh to\u00e1n c\u00f3 m\u1ee9c ph\u00ed cao h\u01a1n nh\u1eefng ph\u01b0\u01a1ng th\u1ee9c kh\u00e1c. N\u1ebfu ph\u00ed l\u00e0 v\u1ea5n \u0111\u1ec1, h\u00e3y c\u00e2n nh\u1eafc s\u1eed d\u1ee5ng v\u00ed \u0111i\u1ec7n t\u1eed ho\u1eb7c ti\u1ec1n \u0111i\u1ec7n t\u1eed. <\/li>\n<\/ul>\n<h2>Nh\u1eefng c\u00e2u h\u1ecfi th\u01b0\u1eddng g\u1eb7p (FAQ)<\/h2>\n<strong>C\u00e2u h\u1ecfi 1: Ph\u01b0\u01a1ng ph\u00e1p nhanh nh\u1ea5t \u0111\u1ec3 r\u00fat ti\u1ec1n t\u1eeb Lucky Jet l\u00e0 g\u00ec?<\/strong>\n<strong>A<\/strong> : V\u00ed \u0111i\u1ec7n t\u1eed v\u00e0 ti\u1ec1n \u0111i\u1ec7n t\u1eed th\u01b0\u1eddng cung c\u1ea5p th\u1eddi gian x\u1eed l\u00fd nhanh nh\u1ea5t, m\u1ed9t s\u1ed1 giao d\u1ecbch ch\u1ec9 ho\u00e0n t\u1ea5t trong v\u00e0i ph\u00fat.\n\n<strong>C\u00e2u h\u1ecfi 2: C\u00f3 m\u1ea5t ph\u00ed khi r\u00fat ti\u1ec1n t\u1eeb Lucky Jet kh\u00f4ng?<\/strong>\n<strong>A<\/strong> : Ph\u00ed thay \u0111\u1ed5i t\u00f9y theo ph\u01b0\u01a1ng th\u1ee9c thanh to\u00e1n. Chuy\u1ec3n kho\u1ea3n ng\u00e2n h\u00e0ng v\u00e0 th\u1ebb t\u00edn d\u1ee5ng th\u01b0\u1eddng c\u00f3 ph\u00ed cao h\u01a1n, trong khi v\u00ed \u0111i\u1ec7n t\u1eed v\u00e0 ti\u1ec1n \u0111i\u1ec7n t\u1eed c\u00f3 xu h\u01b0\u1edbng ph\u1ea3i ch\u0103ng h\u01a1n. \n\n<strong>C\u00e2u 3: Ph\u1ea3i m\u1ea5t bao l\u00e2u \u0111\u1ec3 nh\u1eadn \u0111\u01b0\u1ee3c ti\u1ec1n t\u1eeb Lucky Jet?<\/strong>\n<strong>A<\/strong> : Th\u1eddi gian r\u00fat ti\u1ec1n kh\u00e1c nhau. V\u00ed \u0111i\u1ec7n t\u1eed c\u00f3 th\u1ec3 x\u1eed l\u00fd trong v\u00f2ng ch\u01b0a \u0111\u1ea7y 24 gi\u1edd, trong khi chuy\u1ec3n kho\u1ea3n ng\u00e2n h\u00e0ng c\u00f3 th\u1ec3 m\u1ea5t 3-5 ng\u00e0y l\u00e0m vi\u1ec7c. \n\n<strong>C\u00e2u h\u1ecfi 4: T\u00f4i c\u00f3 th\u1ec3 h\u1ee7y y\u00eau c\u1ea7u r\u00fat ti\u1ec1n tr\u00ean Lucky Jet kh\u00f4ng?<\/strong>\n<strong>A<\/strong> : C\u00f3, n\u1ebfu y\u00eau c\u1ea7u c\u1ee7a b\u1ea1n v\u1eabn \u0111ang ch\u1edd x\u1eed l\u00fd, th\u00f4ng th\u01b0\u1eddng b\u1ea1n c\u00f3 th\u1ec3 h\u1ee7y y\u00eau c\u1ea7u b\u1eb1ng c\u00e1ch truy c\u1eadp l\u1ecbch s\u1eed r\u00fat ti\u1ec1n trong t\u00e0i kho\u1ea3n c\u1ee7a m\u00ecnh.\n\n<strong>C\u00e2u h\u1ecfi 5: T\u1ea1i sao y\u00eau c\u1ea7u r\u00fat ti\u1ec1n c\u1ee7a t\u00f4i b\u1ecb t\u1eeb ch\u1ed1i?<\/strong>\n<strong>A<\/strong> : C\u00e1c l\u00fd do ph\u1ed5 bi\u1ebfn bao g\u1ed3m kh\u00f4ng \u0111\u1ee7 ti\u1ec1n, t\u00e0i kho\u1ea3n ch\u01b0a \u0111\u01b0\u1ee3c x\u00e1c minh ho\u1eb7c s\u1ef1 c\u1ed1 v\u1edbi ph\u01b0\u01a1ng th\u1ee9c thanh to\u00e1n \u0111\u00e3 ch\u1ecdn. Li\u00ean h\u1ec7 v\u1edbi b\u1ed9 ph\u1eadn h\u1ed7 tr\u1ee3 kh\u00e1ch h\u00e0ng \u0111\u1ec3 \u0111\u01b0\u1ee3c tr\u1ee3 gi\u00fap n\u1ebfu b\u1ea1n g\u1eb7p s\u1ef1 c\u1ed1. <strong>K\u1ebft lu\u1eadn<\/strong>\n R\u00fat ti\u1ec1n t\u1eeb Lucky Jet c\u00f3 th\u1ec3 l\u00e0 m\u1ed9t qu\u00e1 tr\u00ecnh su\u00f4n s\u1ebb v\u00e0 th\u1ecfa m\u00e3n n\u1ebfu b\u1ea1n l\u00e0m theo c\u00e1c b\u01b0\u1edbc c\u1ea7n thi\u1ebft, ch\u1ecdn \u0111\u00fang ph\u01b0\u01a1ng th\u1ee9c thanh to\u00e1n v\u00e0 theo d\u00f5i m\u1ecdi kho\u1ea3n ph\u00ed ho\u1eb7c s\u1ef1 ch\u1eadm tr\u1ec5 ti\u1ec1m \u1ea9n. Cho d\u00f9 b\u1ea1n l\u00e0 ng\u01b0\u1eddi m\u1edbi ch\u01a1i Lucky Jet hay l\u00e0 ng\u01b0\u1eddi ch\u01a1i d\u00e0y d\u1ea1n kinh nghi\u1ec7m, h\u01b0\u1edbng d\u1eabn n\u00e0y s\u1ebd \u0111\u1ea3m b\u1ea3o b\u1ea1n c\u00f3 m\u1ecdi th\u1ee9 c\u1ea7n thi\u1ebft \u0111\u1ec3 r\u00fat ti\u1ec1n th\u00e0nh c\u00f4ng. \n\n \t\t\t\t\t\t\t\t<\/div>\n\t\t\t\t<\/div>\n\t\t\t\t\t<\/div>\n\t\t\t\t<\/div>\n\t\t\t\t<\/div>\n\t\t","protected":false},"excerpt":{"rendered":"<p>Lucky Jet \u0111\u00e3 tr\u1edf th\u00e0nh m\u1ed9t trong nh\u1eefng tr\u00f2 ch\u01a1i ph\u1ed5 bi\u1ebfn nh\u1ea5t d\u00e0nh cho nh\u1eefng ng\u01b0\u1eddi \u0111am m\u00ea tr\u00f2 [&hellip;]<\/p>\n","protected":false},"author":1,"featured_media":483,"parent":0,"menu_order":0,"comment_status":"closed","ping_status":"closed","template":"","meta":{"site-sidebar-layout":"default","site-content-layout":"","ast-site-content-layout":"default","site-content-style":"default","site-sidebar-style":"default","ast-global-header-display":"","ast-banner-title-visibility":"","ast-main-header-display":"","ast-hfb-above-header-display":"","ast-hfb-below-header-display":"","ast-hfb-mobile-header-display":"","site-post-title":"","ast-breadcrumbs-content":"","ast-featured-img":"disabled","footer-sml-layout":"","theme-transparent-header-meta":"default","adv-header-id-meta":"","stick-header-meta":"","header-above-stick-meta":"","header-main-stick-meta":"","header-below-stick-meta":"","astra-migrate-meta-layouts":"default","ast-page-background-enabled":"default","ast-page-background-meta":{"desktop":{"background-color":"var(--ast-global-color-4)","background-image":"","background-repeat":"repeat","background-position":"center center","background-size":"auto","background-attachment":"scroll","background-type":"","background-media":"","overlay-type":"","overlay-color":"","overlay-opacity":"","overlay-gradient":""},"tablet":{"background-color":"","background-image":"","background-repeat":"repeat","background-position":"center center","background-size":"auto","background-attachment":"scroll","background-type":"","background-media":"","overlay-type":"","overlay-color":"","overlay-opacity":"","overlay-gradient":""},"mobile":{"background-color":"","background-image":"","background-repeat":"repeat","background-position":"center center","background-size":"auto","background-attachment":"scroll","background-type":"","background-media":"","overlay-type":"","overlay-color":"","overlay-opacity":"","overlay-gradient":""}},"ast-content-background-meta":{"desktop":{"background-color":"var(--ast-global-color-5)","background-image":"","background-repeat":"repeat","background-position":"center center","background-size":"auto","background-attachment":"scroll","background-type":"","background-media":"","overlay-type":"","overlay-color":"","overlay-opacity":"","overlay-gradient":""},"tablet":{"background-color":"var(--ast-global-color-5)","background-image":"","background-repeat":"repeat","background-position":"center center","background-size":"auto","background-attachment":"scroll","background-type":"","background-media":"","overlay-type":"","overlay-color":"","overlay-opacity":"","overlay-gradient":""},"mobile":{"background-color":"var(--ast-global-color-5)","background-image":"","background-repeat":"repeat","background-position":"center center","background-size":"auto","background-attachment":"scroll","background-type":"","background-media":"","overlay-type":"","overlay-color":"","overlay-opacity":"","overlay-gradient":""}},"footnotes":""},"class_list":["post-1008","page","type-page","status-publish","has-post-thumbnail","hentry"],"yoast_head":"<!-- This site is optimized with the Yoast SEO plugin v25.3.1 - https:\/\/yoast.com\/wordpress\/plugins\/seo\/ -->\n<title>C\u00e1ch r\u00fat ti\u1ec1n t\u1eeb Lucky Jet -<\/title>\n<meta name=\"robots\" content=\"index, follow, max-snippet:-1, max-image-preview:large, max-video-preview:-1\" \/>\n<link rel=\"canonical\" href=\"https:\/\/luckyjet.io\/vi\/cach-rut-tien-tu-lucky-jet\/\" \/>\n<meta property=\"og:locale\" content=\"vi_VN\" \/>\n<meta property=\"og:type\" content=\"article\" \/>\n<meta property=\"og:title\" content=\"C\u00e1ch r\u00fat ti\u1ec1n t\u1eeb Lucky Jet -\" \/>\n<meta property=\"og:description\" content=\"Lucky Jet \u0111\u00e3 tr\u1edf th\u00e0nh m\u1ed9t trong nh\u1eefng tr\u00f2 ch\u01a1i ph\u1ed5 bi\u1ebfn nh\u1ea5t d\u00e0nh cho nh\u1eefng ng\u01b0\u1eddi \u0111am m\u00ea tr\u00f2 [&hellip;]\" \/>\n<meta property=\"og:url\" content=\"https:\/\/luckyjet.io\/vi\/cach-rut-tien-tu-lucky-jet\/\" \/>\n<meta property=\"article:modified_time\" content=\"2024-12-17T18:29:06+00:00\" \/>\n<meta property=\"og:image\" content=\"https:\/\/luckyjet.io\/wp-content\/uploads\/2024\/10\/How-to-Withdraw-Money-From-Lucky-Jet.png\" \/>\n\t<meta property=\"og:image:width\" content=\"837\" \/>\n\t<meta property=\"og:image:height\" content=\"439\" \/>\n\t<meta property=\"og:image:type\" content=\"image\/png\" \/>\n<meta name=\"twitter:card\" content=\"summary_large_image\" \/>\n<meta name=\"twitter:label1\" content=\"Est. reading time\" \/>\n\t<meta name=\"twitter:data1\" content=\"10 minutes\" \/>\n<script type=\"application\/ld+json\" class=\"yoast-schema-graph\">{\"@context\":\"https:\/\/schema.org\",\"@graph\":[{\"@type\":\"WebPage\",\"@id\":\"https:\/\/luckyjet.io\/vi\/cach-rut-tien-tu-lucky-jet\/\",\"url\":\"https:\/\/luckyjet.io\/vi\/cach-rut-tien-tu-lucky-jet\/\",\"name\":\"C\u00e1ch r\u00fat ti\u1ec1n t\u1eeb Lucky Jet -\",\"isPartOf\":{\"@id\":\"https:\/\/luckyjet.io\/vi\/#website\"},\"primaryImageOfPage\":{\"@id\":\"https:\/\/luckyjet.io\/vi\/cach-rut-tien-tu-lucky-jet\/#primaryimage\"},\"image\":{\"@id\":\"https:\/\/luckyjet.io\/vi\/cach-rut-tien-tu-lucky-jet\/#primaryimage\"},\"thumbnailUrl\":\"https:\/\/luckyjet.io\/wp-content\/uploads\/2024\/10\/How-to-Withdraw-Money-From-Lucky-Jet.png\",\"datePublished\":\"2024-10-26T14:59:34+00:00\",\"dateModified\":\"2024-12-17T18:29:06+00:00\",\"breadcrumb\":{\"@id\":\"https:\/\/luckyjet.io\/vi\/cach-rut-tien-tu-lucky-jet\/#breadcrumb\"},\"inLanguage\":\"vi-VN\",\"potentialAction\":[{\"@type\":\"ReadAction\",\"target\":[\"https:\/\/luckyjet.io\/vi\/cach-rut-tien-tu-lucky-jet\/\"]}]},{\"@type\":\"ImageObject\",\"inLanguage\":\"vi-VN\",\"@id\":\"https:\/\/luckyjet.io\/vi\/cach-rut-tien-tu-lucky-jet\/#primaryimage\",\"url\":\"https:\/\/luckyjet.io\/wp-content\/uploads\/2024\/10\/How-to-Withdraw-Money-From-Lucky-Jet.png\",\"contentUrl\":\"https:\/\/luckyjet.io\/wp-content\/uploads\/2024\/10\/How-to-Withdraw-Money-From-Lucky-Jet.png\",\"width\":837,\"height\":439},{\"@type\":\"BreadcrumbList\",\"@id\":\"https:\/\/luckyjet.io\/vi\/cach-rut-tien-tu-lucky-jet\/#breadcrumb\",\"itemListElement\":[{\"@type\":\"ListItem\",\"position\":1,\"name\":\"Home\",\"item\":\"https:\/\/luckyjet.io\/vi\/\"},{\"@type\":\"ListItem\",\"position\":2,\"name\":\"C\u00e1ch r\u00fat ti\u1ec1n t\u1eeb Lucky Jet\"}]},{\"@type\":\"WebSite\",\"@id\":\"https:\/\/luckyjet.io\/vi\/#website\",\"url\":\"https:\/\/luckyjet.io\/vi\/\",\"name\":\"Lucky Jet 1win\",\"description\":\"\",\"publisher\":{\"@id\":\"https:\/\/luckyjet.io\/vi\/#organization\"},\"alternateName\":\"Lucky Jet\",\"potentialAction\":[{\"@type\":\"SearchAction\",\"target\":{\"@type\":\"EntryPoint\",\"urlTemplate\":\"https:\/\/luckyjet.io\/vi\/?s={search_term_string}\"},\"query-input\":{\"@type\":\"PropertyValueSpecification\",\"valueRequired\":true,\"valueName\":\"search_term_string\"}}],\"inLanguage\":\"vi-VN\"},{\"@type\":\"Organization\",\"@id\":\"https:\/\/luckyjet.io\/vi\/#organization\",\"name\":\"Lucky Jet 1win\",\"url\":\"https:\/\/luckyjet.io\/vi\/\",\"logo\":{\"@type\":\"ImageObject\",\"inLanguage\":\"vi-VN\",\"@id\":\"https:\/\/luckyjet.io\/vi\/#\/schema\/logo\/image\/\",\"url\":\"https:\/\/luckyjet.io\/wp-content\/uploads\/2024\/10\/cropped-lucky-jet.png\",\"contentUrl\":\"https:\/\/luckyjet.io\/wp-content\/uploads\/2024\/10\/cropped-lucky-jet.png\",\"width\":236,\"height\":79,\"caption\":\"Lucky Jet 1win\"},\"image\":{\"@id\":\"https:\/\/luckyjet.io\/vi\/#\/schema\/logo\/image\/\"}}]}<\/script>\n<!-- \/ Yoast SEO plugin. -->","yoast_head_json":{"title":"C\u00e1ch r\u00fat ti\u1ec1n t\u1eeb Lucky Jet -","robots":{"index":"index","follow":"follow","max-snippet":"max-snippet:-1","max-image-preview":"max-image-preview:large","max-video-preview":"max-video-preview:-1"},"canonical":"https:\/\/luckyjet.io\/vi\/cach-rut-tien-tu-lucky-jet\/","og_locale":"vi_VN","og_type":"article","og_title":"C\u00e1ch r\u00fat ti\u1ec1n t\u1eeb Lucky Jet -","og_description":"Lucky Jet \u0111\u00e3 tr\u1edf th\u00e0nh m\u1ed9t trong nh\u1eefng tr\u00f2 ch\u01a1i ph\u1ed5 bi\u1ebfn nh\u1ea5t d\u00e0nh cho nh\u1eefng ng\u01b0\u1eddi \u0111am m\u00ea tr\u00f2 [&hellip;]","og_url":"https:\/\/luckyjet.io\/vi\/cach-rut-tien-tu-lucky-jet\/","article_modified_time":"2024-12-17T18:29:06+00:00","og_image":[{"width":837,"height":439,"url":"https:\/\/luckyjet.io\/wp-content\/uploads\/2024\/10\/How-to-Withdraw-Money-From-Lucky-Jet.png","type":"image\/png"}],"twitter_card":"summary_large_image","twitter_misc":{"Est. reading time":"10 minutes"},"schema":{"@context":"https:\/\/schema.org","@graph":[{"@type":"WebPage","@id":"https:\/\/luckyjet.io\/vi\/cach-rut-tien-tu-lucky-jet\/","url":"https:\/\/luckyjet.io\/vi\/cach-rut-tien-tu-lucky-jet\/","name":"C\u00e1ch r\u00fat ti\u1ec1n t\u1eeb Lucky Jet -","isPartOf":{"@id":"https:\/\/luckyjet.io\/vi\/#website"},"primaryImageOfPage":{"@id":"https:\/\/luckyjet.io\/vi\/cach-rut-tien-tu-lucky-jet\/#primaryimage"},"image":{"@id":"https:\/\/luckyjet.io\/vi\/cach-rut-tien-tu-lucky-jet\/#primaryimage"},"thumbnailUrl":"https:\/\/luckyjet.io\/wp-content\/uploads\/2024\/10\/How-to-Withdraw-Money-From-Lucky-Jet.png","datePublished":"2024-10-26T14:59:34+00:00","dateModified":"2024-12-17T18:29:06+00:00","breadcrumb":{"@id":"https:\/\/luckyjet.io\/vi\/cach-rut-tien-tu-lucky-jet\/#breadcrumb"},"inLanguage":"vi-VN","potentialAction":[{"@type":"ReadAction","target":["https:\/\/luckyjet.io\/vi\/cach-rut-tien-tu-lucky-jet\/"]}]},{"@type":"ImageObject","inLanguage":"vi-VN","@id":"https:\/\/luckyjet.io\/vi\/cach-rut-tien-tu-lucky-jet\/#primaryimage","url":"https:\/\/luckyjet.io\/wp-content\/uploads\/2024\/10\/How-to-Withdraw-Money-From-Lucky-Jet.png","contentUrl":"https:\/\/luckyjet.io\/wp-content\/uploads\/2024\/10\/How-to-Withdraw-Money-From-Lucky-Jet.png","width":837,"height":439},{"@type":"BreadcrumbList","@id":"https:\/\/luckyjet.io\/vi\/cach-rut-tien-tu-lucky-jet\/#breadcrumb","itemListElement":[{"@type":"ListItem","position":1,"name":"Home","item":"https:\/\/luckyjet.io\/vi\/"},{"@type":"ListItem","position":2,"name":"C\u00e1ch r\u00fat ti\u1ec1n t\u1eeb Lucky Jet"}]},{"@type":"WebSite","@id":"https:\/\/luckyjet.io\/vi\/#website","url":"https:\/\/luckyjet.io\/vi\/","name":"Lucky Jet 1win","description":"","publisher":{"@id":"https:\/\/luckyjet.io\/vi\/#organization"},"alternateName":"Lucky Jet","potentialAction":[{"@type":"SearchAction","target":{"@type":"EntryPoint","urlTemplate":"https:\/\/luckyjet.io\/vi\/?s={search_term_string}"},"query-input":{"@type":"PropertyValueSpecification","valueRequired":true,"valueName":"search_term_string"}}],"inLanguage":"vi-VN"},{"@type":"Organization","@id":"https:\/\/luckyjet.io\/vi\/#organization","name":"Lucky Jet 1win","url":"https:\/\/luckyjet.io\/vi\/","logo":{"@type":"ImageObject","inLanguage":"vi-VN","@id":"https:\/\/luckyjet.io\/vi\/#\/schema\/logo\/image\/","url":"https:\/\/luckyjet.io\/wp-content\/uploads\/2024\/10\/cropped-lucky-jet.png","contentUrl":"https:\/\/luckyjet.io\/wp-content\/uploads\/2024\/10\/cropped-lucky-jet.png","width":236,"height":79,"caption":"Lucky Jet 1win"},"image":{"@id":"https:\/\/luckyjet.io\/vi\/#\/schema\/logo\/image\/"}}]}},"_links":{"self":[{"href":"https:\/\/luckyjet.io\/vi\/wp-json\/wp\/v2\/pages\/1008","targetHints":{"allow":["GET"]}}],"collection":[{"href":"https:\/\/luckyjet.io\/vi\/wp-json\/wp\/v2\/pages"}],"about":[{"href":"https:\/\/luckyjet.io\/vi\/wp-json\/wp\/v2\/types\/page"}],"author":[{"embeddable":true,"href":"https:\/\/luckyjet.io\/vi\/wp-json\/wp\/v2\/users\/1"}],"replies":[{"embeddable":true,"href":"https:\/\/luckyjet.io\/vi\/wp-json\/wp\/v2\/comments?post=1008"}],"version-history":[{"count":2,"href":"https:\/\/luckyjet.io\/vi\/wp-json\/wp\/v2\/pages\/1008\/revisions"}],"predecessor-version":[{"id":1230,"href":"https:\/\/luckyjet.io\/vi\/wp-json\/wp\/v2\/pages\/1008\/revisions\/1230"}],"wp:featuredmedia":[{"embeddable":true,"href":"https:\/\/luckyjet.io\/vi\/wp-json\/wp\/v2\/media\/483"}],"wp:attachment":[{"href":"https:\/\/luckyjet.io\/vi\/wp-json\/wp\/v2\/media?parent=1008"}],"curies":[{"name":"wp","href":"https:\/\/api.w.org\/{rel}","templated":true}]}}