{"id":741,"date":"2024-10-26T14:59:34","date_gmt":"2024-10-26T14:59:34","guid":{"rendered":"https:\/\/luckyjet.io\/lucky-jetten-nasil-para-cekilir\/"},"modified":"2024-12-17T18:29:02","modified_gmt":"2024-12-17T18:29:02","slug":"lucky-jetten-nasil-para-cekilir","status":"publish","type":"page","link":"https:\/\/luckyjet.io\/tr\/lucky-jetten-nasil-para-cekilir\/","title":{"rendered":"Lucky Jet&#8217;ten Nas\u0131l Para \u00c7ekilir"},"content":{"rendered":"\t\t<div data-elementor-type=\"wp-page\" data-elementor-id=\"741\" class=\"elementor elementor-741\">\n\t\t\t\t<div class=\"elementor-element elementor-element-7079a769 e-flex e-con-boxed e-con e-parent\" data-id=\"7079a769\" data-element_type=\"container\">\n\t\t\t\t\t<div class=\"e-con-inner\">\n\t\t\t\t<div class=\"elementor-element elementor-element-327248a elementor-widget elementor-widget-text-editor\" data-id=\"327248a\" data-element_type=\"widget\" data-widget_type=\"text-editor.default\">\n\t\t\t\t<div class=\"elementor-widget-container\">\n\t\t\t\t\t\t\t\t\tLucky Jet online oyun merakl\u0131lar\u0131 i\u00e7in en pop\u00fcler oyunlardan biri haline gelmi\u015ftir. Bu k\u0131lavuz, Lucky Jet&#8217;ten kazanc\u0131n\u0131z\u0131 nas\u0131l \u00e7ekece\u011finize dair kapsaml\u0131 bir bak\u0131\u015f sunmakta, sorunsuz bir i\u015flem sa\u011flamak i\u00e7in ad\u0131mlar\u0131, mevcut y\u00f6ntemleri ve s\u0131k sorulan sorular\u0131 detayland\u0131rmaktad\u0131r. <a href=\"https:\/\/luckyjet.io\/tr\/\">Lucky Jet<\/a>, h\u0131zl\u0131 tempolu oynan\u0131\u015f\u0131 \u00f6nemli kazan\u00e7 potansiyeliyle birle\u015ftiren bir \u00e7evrimi\u00e7i \u00e7arp\u0131\u015fma oyunudur. Oyuncular bir jetin d\u00fc\u015fmeden \u00f6nce havada ne kadar s\u00fcre kalabilece\u011fine dair bahse girer ve kazan\u00e7lar\u0131 bahislerini ne kadar uzun s\u00fcre tutarlarsa o kadar artar. B\u00fcy\u00fck \u00f6d\u00fcller olas\u0131l\u0131\u011f\u0131yla, para \u00e7ekme s\u00fcrecini anlamak oyuncular i\u00e7in \u00e7ok \u00f6nemlidir. \n\n  \n<h2>Lucky Jet Para \u00c7ekme S\u00fcrecine Genel Bak\u0131\u015f<\/h2>\nLucky Jet&#8217;te para \u00e7ekme i\u015flemi basittir, ancak birka\u00e7 ad\u0131m\u0131n tam olarak takip edilmesi gerekir. Genel olarak, para \u00e7ekme i\u015flemleri \u015funlar\u0131 gerektirir: \n<ul>\n \t<li>G\u00fcvenlik i\u00e7in <strong>kimlik do\u011frulamas\u0131<\/strong>.<\/li>\n \t<li>Banka havaleleri, e-c\u00fczdanlar veya kripto para birimi gibi <strong>\u00f6deme y\u00f6ntemlerinin<\/strong> se\u00e7imi.<\/li>\n \t<li>Minimum para \u00e7ekme gereksinimlerini kar\u015f\u0131lamak ve platform y\u00f6nergelerine uymak.<\/li>\n<\/ul>\n<h2>Lucky Jet&#8217;ten Para \u00c7ekmek \u0130\u00e7in Ad\u0131m Ad\u0131m K\u0131lavuz<\/h2>\n<strong>Ad\u0131m 1: Lucky Jet Hesab\u0131n\u0131za<\/strong> Giri\u015f Yap\u0131n\nHesab\u0131n\u0131za giri\u015f yapt\u0131ktan sonra, genellikle &#8220;Hesab\u0131m&#8221; veya &#8220;C\u00fczdan&#8221; alt\u0131nda bulunan para \u00e7ekme b\u00f6l\u00fcm\u00fcne gidin. <strong>Ad\u0131m 2: Para \u00c7ekme Y\u00f6nteminizi Se\u00e7in<\/strong>\nLucky Jet, kredi\/banka kartlar\u0131, banka havaleleri, e-c\u00fczdanlar ve kripto dahil olmak \u00fczere \u00e7e\u015fitli para \u00e7ekme se\u00e7enekleri sunar. Hem eri\u015filebilir hem de kullan\u0131\u015fl\u0131 bir y\u00f6ntem se\u00e7in. <strong>3. Ad\u0131m: Kimli\u011finizi Do\u011frul<\/strong>ay\u0131n\nG\u00fcvenlik d\u00fczenlemeleri nedeniyle Lucky Jet kimlik do\u011frulamas\u0131 talep edebilir. Kimlik kart\u0131, elektrik faturas\u0131 veya banka ekstresi gibi belgeleri haz\u0131r bulundurun. <strong>Ad\u0131m 4: Para \u00c7ekme Tutar\u0131n\u0131 Girin<\/strong>\nTercih etti\u011finiz para \u00e7ekme y\u00f6ntemini se\u00e7tikten sonra, \u00e7ekmek istedi\u011finiz tutar\u0131 girin. Minimum ve maksimum e\u015fikleri kar\u015f\u0131lad\u0131\u011f\u0131ndan emin olun. <strong>Ad\u0131m 5: Para \u00c7ekme \u0130\u015flemini Onaylay\u0131n<\/strong>\nGirilen t\u00fcm ayr\u0131nt\u0131lar\u0131 iki kez kontrol edin ve ard\u0131ndan onaylay\u0131n. Talebinizle ilgili g\u00fcncellemeler i\u00e7in e-postan\u0131za veya bildirimlerinize g\u00f6z at\u0131n.\n\n \n\n \n\n \n\n \n\n<img fetchpriority=\"high\" decoding=\"async\" class=\"aligncenter wp-image-253 \" src=\"https:\/\/luckyjet.io\/wp-content\/uploads\/2024\/11\/Withdraw-Money-From-Lucky-Jet.webp\" alt=\"\" width=\"677\" height=\"387\" srcset=\"https:\/\/luckyjet.io\/wp-content\/uploads\/2024\/11\/Withdraw-Money-From-Lucky-Jet.webp 1792w, https:\/\/luckyjet.io\/wp-content\/uploads\/2024\/11\/Withdraw-Money-From-Lucky-Jet-300x171.webp 300w, https:\/\/luckyjet.io\/wp-content\/uploads\/2024\/11\/Withdraw-Money-From-Lucky-Jet-1024x585.webp 1024w, https:\/\/luckyjet.io\/wp-content\/uploads\/2024\/11\/Withdraw-Money-From-Lucky-Jet-768x439.webp 768w, https:\/\/luckyjet.io\/wp-content\/uploads\/2024\/11\/Withdraw-Money-From-Lucky-Jet-1536x878.webp 1536w\" sizes=\"(max-width: 677px) 100vw, 677px\" \/>\n<h2>Lucky Jet Para \u00c7ekme \u0130\u015flemleri i\u00e7in Mevcut \u00d6deme Y\u00f6ntemleri<\/h2>\nLucky Jet, d\u00fcnya \u00e7ap\u0131ndaki oyuncu tercihlerini kar\u015f\u0131lamak i\u00e7in \u00e7e\u015fitli \u00f6deme y\u00f6ntemlerini destekler. Her se\u00e7ene\u011fin kendine \u00f6zg\u00fc i\u015flem s\u00fcreleri, \u00fccretleri ve gereksinimleri vard\u0131r. <strong>Banka<\/strong> Havaleleri\nBanka havaleleri do\u011frudan para \u00e7ekme i\u015flemleri i\u00e7in g\u00fcvenilir bir y\u00f6ntemdir. Ancak, ek \u00fccretlere tabi olabilirler ve i\u015flenmeleri be\u015f i\u015f g\u00fcn\u00fcne kadar s\u00fcrebilir. <strong>Kredi ve Banka Kartlar\u0131<\/strong>\nYayg\u0131n olarak kullan\u0131lan ve kolay olan kredi\/banka kartlar\u0131 g\u00fcvenilir bir para \u00e7ekme se\u00e7ene\u011fi sunar. Olas\u0131 uluslararas\u0131 i\u015flem \u00fccretleri konusunda kart\u0131n\u0131z\u0131 veren kurulu\u015fla g\u00f6r\u00fc\u015f\u00fcn. E-C\u00fczdanlar <strong>(PayPal, Skrill, Neteller)<\/strong>\nE-c\u00fczdanlar daha d\u00fc\u015f\u00fck \u00fccretlerle h\u0131zl\u0131 ve g\u00fcvenli para \u00e7ekme imkan\u0131 sunar. Ayr\u0131ca i\u015flemlerin kolayl\u0131kla takip edilmesini sa\u011flayarak \u00e7evrimi\u00e7i oyuncular aras\u0131nda pop\u00fcler olmalar\u0131n\u0131 sa\u011flarlar. Kripto <strong>para (Bitcoin, Ethereum, vb.)<\/strong>\nKripto para h\u0131zl\u0131, \u00fccret dostu para \u00e7ekme se\u00e7enekleri sunar. Kripto c\u00fczdan\u0131n\u0131z\u0131n kurulu oldu\u011fundan ve Lucky Jet&#8217;in kripto se\u00e7enekleriyle uyumlu oldu\u011fundan emin olun. \n\n \n\n \n\n \n\n \n<h2>Minimum ve Maksimum Para \u00c7ekme Limitleri<\/h2>\nHer \u00f6deme y\u00f6nteminin belirli minimum ve maksimum limitleri vard\u0131r. Genel olarak, e-c\u00fczdanlar ve kripto, geleneksel banka transferlerine k\u0131yasla daha d\u00fc\u015f\u00fck minimum limitlere sahip olma e\u011filimindedir. \n<table>\n<thead>\n<tr>\n<th>\u00d6deme Y\u00f6ntemi<\/th>\n<th>Minimum Para \u00c7ekme<\/th>\n<th>Maksimum Para \u00c7ekme<\/th>\n<th>\u0130\u015flem S\u00fcresi<\/th>\n<\/tr>\n<\/thead>\n<tbody>\n<tr>\n<td>Banka Havalesi<\/td>\n<td>$50<\/td>\n<td>$10,000<\/td>\n<td>3-5 \u0130\u015f G\u00fcn\u00fc<\/td>\n<\/tr>\n<tr>\n<td>E-C\u00fczdanlar<\/td>\n<td>$10<\/td>\n<td>$5,000<\/td>\n<td>1-2 \u0130\u015f G\u00fcn\u00fc<\/td>\n<\/tr>\n<tr>\n<td>Kripto<\/td>\n<td>$20<\/td>\n<td>$15,000<\/td>\n<td>An\u0131nda ila 24 saat<\/td>\n<\/tr>\n<\/tbody>\n<\/table>\n<h2>Para \u00c7ekme Gecikmelerini ve Hatalar\u0131n\u0131 \u00d6nlemek i\u00e7in \u0130pu\u00e7lar\u0131<\/h2>\n<ol>\n \t<li><strong>Hesab\u0131n\u0131z\u0131 Erken Do\u011frulay\u0131n<\/strong>: Do\u011frulama belgelerini \u00f6nceden g\u00f6ndermek gecikmeleri en aza indirir.<\/li>\n \t<li><strong>Ayr\u0131nt\u0131lar\u0131 \u0130ki Kez Kontrol<\/strong> Edin: Banka bilgilerinizin veya c\u00fczdan adreslerinizin do\u011fru oldu\u011fundan emin olun.<\/li>\n \t<li><strong>G\u00fcvenilir \u0130nternet Kullan\u0131n<\/strong>: G\u00fcvenli ba\u011flant\u0131lar sa\u011flamak i\u00e7in para \u00e7ekme i\u015flemlerini ba\u015flat\u0131rken halka a\u00e7\u0131k Wi-Fi&#8217;den ka\u00e7\u0131n\u0131n.<\/li>\n<\/ol>\n<h2>Lucky Jet Para \u00c7ekme \u0130\u015flemlerinde S\u0131k Kar\u015f\u0131la\u015f\u0131lan Sorunlar ve Sorun Giderme<\/h2>\nLucky Jet para \u00e7ekme i\u015flemleri genellikle sorunsuz olsa da, oyuncular zaman zaman sorunlarla kar\u015f\u0131la\u015fabilir. \u0130\u015fte s\u0131k kar\u015f\u0131la\u015f\u0131lan zorluklar ve \u00e7\u00f6z\u00fcmleri: \n<ul>\n \t<li><strong>Gecikmeli \u0130\u015flem<\/strong>: T\u00fcm hesap do\u011frulamalar\u0131n\u0131 tamamlad\u0131\u011f\u0131n\u0131z\u0131 onaylay\u0131n. \u0130\u015flem s\u00fcreleri se\u00e7ilen \u00f6deme y\u00f6ntemine ba\u011fl\u0131 olarak de\u011fi\u015fir. <\/li>\n \t<li><strong>Ba\u015far\u0131s\u0131z Para \u00c7ekme<\/strong>: Bu, girilen ayr\u0131nt\u0131lar yanl\u0131\u015fsa veya hesap do\u011frulanmam\u0131\u015fsa meydana gelebilir. T\u00fcm bilgilerin banka veya c\u00fczdan bilgilerinizle e\u015fle\u015fti\u011finden emin olun. <\/li>\n \t<li><strong>Y\u00fcksek \u00dccretler<\/strong>: Baz\u0131 \u00f6deme y\u00f6ntemleri di\u011ferlerinden daha y\u00fcksek \u00fccretler ta\u015f\u0131r. \u00dccretler bir sorunsa, e-c\u00fczdan veya kripto kullanmay\u0131 d\u00fc\u015f\u00fcn\u00fcn. <\/li>\n<\/ul>\n<h2>S\u0131k\u00e7a Sorulan Sorular (SSS)<\/h2>\n<strong>S1: Lucky Jet&#8217;ten para \u00e7ekmek i\u00e7in en h\u0131zl\u0131 y\u00f6ntem nedir?<\/strong>\n<strong>C<\/strong>: E-c\u00fczdanlar ve kripto para birimleri genellikle en h\u0131zl\u0131 i\u015flem s\u00fcrelerini sunar ve baz\u0131 i\u015flemler birka\u00e7 dakika gibi k\u0131sa bir s\u00fcrede tamamlan\u0131r.\n\n<strong>S2: Lucky Jet&#8217;ten para \u00e7ekmek i\u00e7in bir \u00fccret var m\u0131?<\/strong>\n<strong>C<\/strong>: \u00dccretler \u00f6deme y\u00f6ntemine g\u00f6re de\u011fi\u015fir. Banka havaleleri ve kredi kartlar\u0131 genellikle daha y\u00fcksek \u00fccretlere sahipken, e-c\u00fczdanlar ve kripto daha uygun fiyatl\u0131 olma e\u011filimindedir. \n\n<strong>S3: Lucky Jet&#8217;ten para almak ne kadar s\u00fcrer?<\/strong>\n<strong>C<\/strong>: Para \u00e7ekme s\u00fcreleri de\u011fi\u015fiklik g\u00f6sterir. E-c\u00fczdanlar 24 saatin alt\u0131nda i\u015flem yapabilirken, banka havaleleri 3-5 i\u015f g\u00fcn\u00fc s\u00fcrebilir. \n\n<strong>S4: Lucky Jet&#8217;te bir para \u00e7ekme talebini iptal edebilir miyim?<\/strong>\n<strong>C<\/strong>: Evet, talebiniz hala beklemedeyse, genellikle hesab\u0131n\u0131zdaki para \u00e7ekme ge\u00e7mi\u015fini ziyaret ederek iptal edebilirsiniz.\n\n<strong>S5: Para \u00e7ekme talebim neden reddedildi?<\/strong>\n<strong>C<\/strong>: Yayg\u0131n nedenler aras\u0131nda yetersiz bakiye, do\u011frulanmam\u0131\u015f hesaplar veya se\u00e7ilen \u00f6deme y\u00f6ntemiyle ilgili sorunlar yer al\u0131r. Sorunlarla kar\u015f\u0131la\u015f\u0131rsan\u0131z yard\u0131m i\u00e7in m\u00fc\u015fteri deste\u011fine ba\u015fvurun. <strong>Sonu\u00e7<\/strong>\nGerekli ad\u0131mlar\u0131 izlerseniz, do\u011fru \u00f6deme y\u00f6ntemini se\u00e7erseniz ve olas\u0131 \u00fccretleri veya gecikmeleri takip ederseniz, Lucky Jet&#8217;ten paran\u0131z\u0131 \u00e7ekmek sorunsuz ve tatmin edici bir s\u00fcre\u00e7 olabilir. \u0130ster Lucky Jet&#8217;te yeni olun ister deneyimli bir oyuncu, bu k\u0131lavuz ba\u015far\u0131l\u0131 bir para \u00e7ekme i\u015flemi i\u00e7in ihtiyac\u0131n\u0131z olan her \u015feye sahip olman\u0131z\u0131 sa\u011flayacakt\u0131r. \n\n \t\t\t\t\t\t\t\t<\/div>\n\t\t\t\t<\/div>\n\t\t\t\t\t<\/div>\n\t\t\t\t<\/div>\n\t\t\t\t<\/div>\n\t\t","protected":false},"excerpt":{"rendered":"<p>Lucky Jet online oyun merakl\u0131lar\u0131 i\u00e7in en pop\u00fcler oyunlardan biri haline gelmi\u015ftir. Bu k\u0131lavuz, Lucky Jet&#8217;ten kazanc\u0131n\u0131z\u0131 nas\u0131l \u00e7ekece\u011finize dair [&hellip;]<\/p>\n","protected":false},"author":1,"featured_media":480,"parent":0,"menu_order":0,"comment_status":"closed","ping_status":"closed","template":"","meta":{"site-sidebar-layout":"default","site-content-layout":"","ast-site-content-layout":"default","site-content-style":"default","site-sidebar-style":"default","ast-global-header-display":"","ast-banner-title-visibility":"","ast-main-header-display":"","ast-hfb-above-header-display":"","ast-hfb-below-header-display":"","ast-hfb-mobile-header-display":"","site-post-title":"","ast-breadcrumbs-content":"","ast-featured-img":"disabled","footer-sml-layout":"","theme-transparent-header-meta":"default","adv-header-id-meta":"","stick-header-meta":"","header-above-stick-meta":"","header-main-stick-meta":"","header-below-stick-meta":"","astra-migrate-meta-layouts":"default","ast-page-background-enabled":"default","ast-page-background-meta":{"desktop":{"background-color":"var(--ast-global-color-4)","background-image":"","background-repeat":"repeat","background-position":"center center","background-size":"auto","background-attachment":"scroll","background-type":"","background-media":"","overlay-type":"","overlay-color":"","overlay-opacity":"","overlay-gradient":""},"tablet":{"background-color":"","background-image":"","background-repeat":"repeat","background-position":"center center","background-size":"auto","background-attachment":"scroll","background-type":"","background-media":"","overlay-type":"","overlay-color":"","overlay-opacity":"","overlay-gradient":""},"mobile":{"background-color":"","background-image":"","background-repeat":"repeat","background-position":"center center","background-size":"auto","background-attachment":"scroll","background-type":"","background-media":"","overlay-type":"","overlay-color":"","overlay-opacity":"","overlay-gradient":""}},"ast-content-background-meta":{"desktop":{"background-color":"var(--ast-global-color-5)","background-image":"","background-repeat":"repeat","background-position":"center center","background-size":"auto","background-attachment":"scroll","background-type":"","background-media":"","overlay-type":"","overlay-color":"","overlay-opacity":"","overlay-gradient":""},"tablet":{"background-color":"var(--ast-global-color-5)","background-image":"","background-repeat":"repeat","background-position":"center center","background-size":"auto","background-attachment":"scroll","background-type":"","background-media":"","overlay-type":"","overlay-color":"","overlay-opacity":"","overlay-gradient":""},"mobile":{"background-color":"var(--ast-global-color-5)","background-image":"","background-repeat":"repeat","background-position":"center center","background-size":"auto","background-attachment":"scroll","background-type":"","background-media":"","overlay-type":"","overlay-color":"","overlay-opacity":"","overlay-gradient":""}},"footnotes":""},"class_list":["post-741","page","type-page","status-publish","has-post-thumbnail","hentry"],"yoast_head":"<!-- This site is optimized with the Yoast SEO plugin v25.3.1 - https:\/\/yoast.com\/wordpress\/plugins\/seo\/ -->\n<title>Lucky Jet&#039;ten Nas\u0131l Para \u00c7ekilir -<\/title>\n<meta name=\"robots\" content=\"index, follow, max-snippet:-1, max-image-preview:large, max-video-preview:-1\" \/>\n<link rel=\"canonical\" href=\"https:\/\/luckyjet.io\/tr\/lucky-jetten-nasil-para-cekilir\/\" \/>\n<meta property=\"og:locale\" content=\"tr_TR\" \/>\n<meta property=\"og:type\" content=\"article\" \/>\n<meta property=\"og:title\" content=\"Lucky Jet&#039;ten Nas\u0131l Para \u00c7ekilir -\" \/>\n<meta property=\"og:description\" content=\"Lucky Jet online oyun merakl\u0131lar\u0131 i\u00e7in en pop\u00fcler oyunlardan biri haline gelmi\u015ftir. Bu k\u0131lavuz, Lucky Jet&#8217;ten kazanc\u0131n\u0131z\u0131 nas\u0131l \u00e7ekece\u011finize dair [&hellip;]\" \/>\n<meta property=\"og:url\" content=\"https:\/\/luckyjet.io\/tr\/lucky-jetten-nasil-para-cekilir\/\" \/>\n<meta property=\"article:modified_time\" content=\"2024-12-17T18:29:02+00:00\" \/>\n<meta property=\"og:image\" content=\"https:\/\/luckyjet.io\/wp-content\/uploads\/2024\/10\/How-to-Withdraw-Money-From-Lucky-Jet.png\" \/>\n\t<meta property=\"og:image:width\" content=\"837\" \/>\n\t<meta property=\"og:image:height\" content=\"439\" \/>\n\t<meta property=\"og:image:type\" content=\"image\/png\" \/>\n<meta name=\"twitter:card\" content=\"summary_large_image\" \/>\n<meta name=\"twitter:label1\" content=\"Tahmini okuma s\u00fcresi\" \/>\n\t<meta name=\"twitter:data1\" content=\"5 dakika\" \/>\n<script type=\"application\/ld+json\" class=\"yoast-schema-graph\">{\"@context\":\"https:\/\/schema.org\",\"@graph\":[{\"@type\":\"WebPage\",\"@id\":\"https:\/\/luckyjet.io\/tr\/lucky-jetten-nasil-para-cekilir\/\",\"url\":\"https:\/\/luckyjet.io\/tr\/lucky-jetten-nasil-para-cekilir\/\",\"name\":\"Lucky Jet'ten Nas\u0131l Para \u00c7ekilir -\",\"isPartOf\":{\"@id\":\"https:\/\/luckyjet.io\/tr\/#website\"},\"primaryImageOfPage\":{\"@id\":\"https:\/\/luckyjet.io\/tr\/lucky-jetten-nasil-para-cekilir\/#primaryimage\"},\"image\":{\"@id\":\"https:\/\/luckyjet.io\/tr\/lucky-jetten-nasil-para-cekilir\/#primaryimage\"},\"thumbnailUrl\":\"https:\/\/luckyjet.io\/wp-content\/uploads\/2024\/10\/How-to-Withdraw-Money-From-Lucky-Jet.png\",\"datePublished\":\"2024-10-26T14:59:34+00:00\",\"dateModified\":\"2024-12-17T18:29:02+00:00\",\"breadcrumb\":{\"@id\":\"https:\/\/luckyjet.io\/tr\/lucky-jetten-nasil-para-cekilir\/#breadcrumb\"},\"inLanguage\":\"tr\",\"potentialAction\":[{\"@type\":\"ReadAction\",\"target\":[\"https:\/\/luckyjet.io\/tr\/lucky-jetten-nasil-para-cekilir\/\"]}]},{\"@type\":\"ImageObject\",\"inLanguage\":\"tr\",\"@id\":\"https:\/\/luckyjet.io\/tr\/lucky-jetten-nasil-para-cekilir\/#primaryimage\",\"url\":\"https:\/\/luckyjet.io\/wp-content\/uploads\/2024\/10\/How-to-Withdraw-Money-From-Lucky-Jet.png\",\"contentUrl\":\"https:\/\/luckyjet.io\/wp-content\/uploads\/2024\/10\/How-to-Withdraw-Money-From-Lucky-Jet.png\",\"width\":837,\"height\":439},{\"@type\":\"BreadcrumbList\",\"@id\":\"https:\/\/luckyjet.io\/tr\/lucky-jetten-nasil-para-cekilir\/#breadcrumb\",\"itemListElement\":[{\"@type\":\"ListItem\",\"position\":1,\"name\":\"Home\",\"item\":\"https:\/\/luckyjet.io\/tr\/\"},{\"@type\":\"ListItem\",\"position\":2,\"name\":\"Lucky Jet&#8217;ten Nas\u0131l Para \u00c7ekilir\"}]},{\"@type\":\"WebSite\",\"@id\":\"https:\/\/luckyjet.io\/tr\/#website\",\"url\":\"https:\/\/luckyjet.io\/tr\/\",\"name\":\"Lucky Jet 1win\",\"description\":\"\",\"publisher\":{\"@id\":\"https:\/\/luckyjet.io\/tr\/#organization\"},\"alternateName\":\"Lucky Jet\",\"potentialAction\":[{\"@type\":\"SearchAction\",\"target\":{\"@type\":\"EntryPoint\",\"urlTemplate\":\"https:\/\/luckyjet.io\/tr\/?s={search_term_string}\"},\"query-input\":{\"@type\":\"PropertyValueSpecification\",\"valueRequired\":true,\"valueName\":\"search_term_string\"}}],\"inLanguage\":\"tr\"},{\"@type\":\"Organization\",\"@id\":\"https:\/\/luckyjet.io\/tr\/#organization\",\"name\":\"Lucky Jet 1win\",\"url\":\"https:\/\/luckyjet.io\/tr\/\",\"logo\":{\"@type\":\"ImageObject\",\"inLanguage\":\"tr\",\"@id\":\"https:\/\/luckyjet.io\/tr\/#\/schema\/logo\/image\/\",\"url\":\"https:\/\/luckyjet.io\/wp-content\/uploads\/2024\/10\/cropped-lucky-jet.png\",\"contentUrl\":\"https:\/\/luckyjet.io\/wp-content\/uploads\/2024\/10\/cropped-lucky-jet.png\",\"width\":236,\"height\":79,\"caption\":\"Lucky Jet 1win\"},\"image\":{\"@id\":\"https:\/\/luckyjet.io\/tr\/#\/schema\/logo\/image\/\"}}]}<\/script>\n<!-- \/ Yoast SEO plugin. -->","yoast_head_json":{"title":"Lucky Jet'ten Nas\u0131l Para \u00c7ekilir -","robots":{"index":"index","follow":"follow","max-snippet":"max-snippet:-1","max-image-preview":"max-image-preview:large","max-video-preview":"max-video-preview:-1"},"canonical":"https:\/\/luckyjet.io\/tr\/lucky-jetten-nasil-para-cekilir\/","og_locale":"tr_TR","og_type":"article","og_title":"Lucky Jet'ten Nas\u0131l Para \u00c7ekilir -","og_description":"Lucky Jet online oyun merakl\u0131lar\u0131 i\u00e7in en pop\u00fcler oyunlardan biri haline gelmi\u015ftir. Bu k\u0131lavuz, Lucky Jet&#8217;ten kazanc\u0131n\u0131z\u0131 nas\u0131l \u00e7ekece\u011finize dair [&hellip;]","og_url":"https:\/\/luckyjet.io\/tr\/lucky-jetten-nasil-para-cekilir\/","article_modified_time":"2024-12-17T18:29:02+00:00","og_image":[{"width":837,"height":439,"url":"https:\/\/luckyjet.io\/wp-content\/uploads\/2024\/10\/How-to-Withdraw-Money-From-Lucky-Jet.png","type":"image\/png"}],"twitter_card":"summary_large_image","twitter_misc":{"Tahmini okuma s\u00fcresi":"5 dakika"},"schema":{"@context":"https:\/\/schema.org","@graph":[{"@type":"WebPage","@id":"https:\/\/luckyjet.io\/tr\/lucky-jetten-nasil-para-cekilir\/","url":"https:\/\/luckyjet.io\/tr\/lucky-jetten-nasil-para-cekilir\/","name":"Lucky Jet'ten Nas\u0131l Para \u00c7ekilir -","isPartOf":{"@id":"https:\/\/luckyjet.io\/tr\/#website"},"primaryImageOfPage":{"@id":"https:\/\/luckyjet.io\/tr\/lucky-jetten-nasil-para-cekilir\/#primaryimage"},"image":{"@id":"https:\/\/luckyjet.io\/tr\/lucky-jetten-nasil-para-cekilir\/#primaryimage"},"thumbnailUrl":"https:\/\/luckyjet.io\/wp-content\/uploads\/2024\/10\/How-to-Withdraw-Money-From-Lucky-Jet.png","datePublished":"2024-10-26T14:59:34+00:00","dateModified":"2024-12-17T18:29:02+00:00","breadcrumb":{"@id":"https:\/\/luckyjet.io\/tr\/lucky-jetten-nasil-para-cekilir\/#breadcrumb"},"inLanguage":"tr","potentialAction":[{"@type":"ReadAction","target":["https:\/\/luckyjet.io\/tr\/lucky-jetten-nasil-para-cekilir\/"]}]},{"@type":"ImageObject","inLanguage":"tr","@id":"https:\/\/luckyjet.io\/tr\/lucky-jetten-nasil-para-cekilir\/#primaryimage","url":"https:\/\/luckyjet.io\/wp-content\/uploads\/2024\/10\/How-to-Withdraw-Money-From-Lucky-Jet.png","contentUrl":"https:\/\/luckyjet.io\/wp-content\/uploads\/2024\/10\/How-to-Withdraw-Money-From-Lucky-Jet.png","width":837,"height":439},{"@type":"BreadcrumbList","@id":"https:\/\/luckyjet.io\/tr\/lucky-jetten-nasil-para-cekilir\/#breadcrumb","itemListElement":[{"@type":"ListItem","position":1,"name":"Home","item":"https:\/\/luckyjet.io\/tr\/"},{"@type":"ListItem","position":2,"name":"Lucky Jet&#8217;ten Nas\u0131l Para \u00c7ekilir"}]},{"@type":"WebSite","@id":"https:\/\/luckyjet.io\/tr\/#website","url":"https:\/\/luckyjet.io\/tr\/","name":"Lucky Jet 1win","description":"","publisher":{"@id":"https:\/\/luckyjet.io\/tr\/#organization"},"alternateName":"Lucky Jet","potentialAction":[{"@type":"SearchAction","target":{"@type":"EntryPoint","urlTemplate":"https:\/\/luckyjet.io\/tr\/?s={search_term_string}"},"query-input":{"@type":"PropertyValueSpecification","valueRequired":true,"valueName":"search_term_string"}}],"inLanguage":"tr"},{"@type":"Organization","@id":"https:\/\/luckyjet.io\/tr\/#organization","name":"Lucky Jet 1win","url":"https:\/\/luckyjet.io\/tr\/","logo":{"@type":"ImageObject","inLanguage":"tr","@id":"https:\/\/luckyjet.io\/tr\/#\/schema\/logo\/image\/","url":"https:\/\/luckyjet.io\/wp-content\/uploads\/2024\/10\/cropped-lucky-jet.png","contentUrl":"https:\/\/luckyjet.io\/wp-content\/uploads\/2024\/10\/cropped-lucky-jet.png","width":236,"height":79,"caption":"Lucky Jet 1win"},"image":{"@id":"https:\/\/luckyjet.io\/tr\/#\/schema\/logo\/image\/"}}]}},"_links":{"self":[{"href":"https:\/\/luckyjet.io\/tr\/wp-json\/wp\/v2\/pages\/741","targetHints":{"allow":["GET"]}}],"collection":[{"href":"https:\/\/luckyjet.io\/tr\/wp-json\/wp\/v2\/pages"}],"about":[{"href":"https:\/\/luckyjet.io\/tr\/wp-json\/wp\/v2\/types\/page"}],"author":[{"embeddable":true,"href":"https:\/\/luckyjet.io\/tr\/wp-json\/wp\/v2\/users\/1"}],"replies":[{"embeddable":true,"href":"https:\/\/luckyjet.io\/tr\/wp-json\/wp\/v2\/comments?post=741"}],"version-history":[{"count":2,"href":"https:\/\/luckyjet.io\/tr\/wp-json\/wp\/v2\/pages\/741\/revisions"}],"predecessor-version":[{"id":1224,"href":"https:\/\/luckyjet.io\/tr\/wp-json\/wp\/v2\/pages\/741\/revisions\/1224"}],"wp:featuredmedia":[{"embeddable":true,"href":"https:\/\/luckyjet.io\/tr\/wp-json\/wp\/v2\/media\/480"}],"wp:attachment":[{"href":"https:\/\/luckyjet.io\/tr\/wp-json\/wp\/v2\/media?parent=741"}],"curies":[{"name":"wp","href":"https:\/\/api.w.org\/{rel}","templated":true}]}}