{"id":760,"date":"2024-10-26T14:59:34","date_gmt":"2024-10-26T14:59:34","guid":{"rendered":"https:\/\/luckyjet.io\/cum-sa-retrageti-bani-de-la-lucky-jet\/"},"modified":"2024-12-17T18:28:59","modified_gmt":"2024-12-17T18:28:59","slug":"cum-sa-retrageti-bani-de-la-lucky-jet","status":"publish","type":"page","link":"https:\/\/luckyjet.io\/ro\/cum-sa-retrageti-bani-de-la-lucky-jet\/","title":{"rendered":"Cum s\u0103 retrage\u021bi bani de la Lucky Jet"},"content":{"rendered":"\t\t<div data-elementor-type=\"wp-page\" data-elementor-id=\"760\" class=\"elementor elementor-760\">\n\t\t\t\t<div class=\"elementor-element elementor-element-7079a769 e-flex e-con-boxed e-con e-parent\" data-id=\"7079a769\" data-element_type=\"container\">\n\t\t\t\t\t<div class=\"e-con-inner\">\n\t\t\t\t<div class=\"elementor-element elementor-element-327248a elementor-widget elementor-widget-text-editor\" data-id=\"327248a\" data-element_type=\"widget\" data-widget_type=\"text-editor.default\">\n\t\t\t\t<div class=\"elementor-widget-container\">\n\t\t\t\t\t\t\t\t\tLucky Jet a devenit unul dintre cele mai populare jocuri pentru pasiona\u021bii de jocuri online. Acest ghid ofer\u0103 o privire cuprinz\u0103toare asupra modului de retragere a c\u00e2\u0219tigurilor de la Lucky Jet, detaliind pa\u0219ii, metodele disponibile \u0219i \u00eentreb\u0103rile frecvente pentru a asigura o tranzac\u021bie f\u0103r\u0103 probleme. <a href=\"https:\/\/luckyjet.io\/ro\/\">Lucky Jet<\/a> este un joc de accident online care combin\u0103 jocul rapid cu poten\u021bialul de c\u00e2\u0219tiguri semnificative. Juc\u0103torii pariaz\u0103 pe timpul \u00een care un avion poate r\u0103m\u00e2ne \u00een aer \u00eenainte de a se pr\u0103bu\u0219i, c\u00e2\u0219tigurile cresc\u00e2nd cu c\u00e2t \u00ee\u0219i men\u021bin pariul mai mult timp. Cu posibilitatea unor recompense considerabile, \u00een\u021belegerea procesului de retragere este esen\u021bial\u0103 pentru juc\u0103tori. \n\n  \n<h2>Prezentare general\u0103 a procesului de retragere Lucky Jet<\/h2>\nProcesul de retragere de pe Lucky Jet este simplu, dar trebuie urma\u021bi cu precizie mai mul\u021bi pa\u0219i. \u00cen general, retragerile necesit\u0103: \n<ul>\n \t<li><strong>Verificarea identit\u0103\u021bii<\/strong> pentru securitate.<\/li>\n \t<li>Selectarea <strong>metodelor de plat\u0103<\/strong>, cum ar fi transferurile bancare, portofelele electronice sau criptomonedele.<\/li>\n \t<li>\u00cendeplinirea cerin\u021belor minime de retragere \u0219i respectarea ghidurilor platformei.<\/li>\n<\/ul>\n<h2>Ghid pas cu pas pentru retragerea de la Lucky Jet<\/h2>\n<strong>Pasul 1: Conecteaz\u0103-te la contul t\u0103u Lucky Jet<\/strong>\nDup\u0103 ce te-ai conectat la contul t\u0103u, navigheaz\u0103 la sec\u021biunea de retragere, de obicei sub &#8222;Contul meu&#8221; sau &#8222;Portofel&#8221;. <strong>Pasul 2: Alege\u021bi metoda de retragere<\/strong>\nLucky Jet ofer\u0103 diverse op\u021biuni de retragere, inclusiv carduri de credit\/debit, transferuri bancare, portofele electronice \u0219i crypto. Selecta\u021bi o metod\u0103 care este at\u00e2t accesibil\u0103, c\u00e2t \u0219i convenabil\u0103. <strong>Pasul 3: Verific\u0103-\u021bi identitatea<\/strong>\nDin cauza reglement\u0103rilor de securitate, Lucky Jet poate solicita verificarea identit\u0103\u021bii. Ave\u021bi la \u00eendem\u00e2n\u0103 documente precum o carte de identitate, o factur\u0103 de utilit\u0103\u021bi sau un extras de cont bancar. <strong>Pasul 4: Introduce\u021bi suma de retragere<\/strong>\nDup\u0103 ce a\u021bi selectat metoda de retragere preferat\u0103, introduce\u021bi suma pe care dori\u021bi s\u0103 o retrage\u021bi. Asigura\u021bi-v\u0103 c\u0103 aceasta \u00eendepline\u0219te pragurile minime \u0219i maxime. <strong>Pasul 5: Confirma\u021bi retragerea<\/strong>\nVerifica\u021bi de dou\u0103 ori toate detaliile introduse, apoi confirma\u021bi. Fi\u021bi cu ochii pe e-mailul sau notific\u0103rile dvs. pentru actualiz\u0103ri cu privire la cererea dvs.\n\n \n\n \n\n \n\n \n\n<img fetchpriority=\"high\" decoding=\"async\" class=\"aligncenter wp-image-253 \" src=\"https:\/\/luckyjet.io\/wp-content\/uploads\/2024\/11\/Withdraw-Money-From-Lucky-Jet.webp\" alt=\"\" width=\"677\" height=\"387\" srcset=\"https:\/\/luckyjet.io\/wp-content\/uploads\/2024\/11\/Withdraw-Money-From-Lucky-Jet.webp 1792w, https:\/\/luckyjet.io\/wp-content\/uploads\/2024\/11\/Withdraw-Money-From-Lucky-Jet-300x171.webp 300w, https:\/\/luckyjet.io\/wp-content\/uploads\/2024\/11\/Withdraw-Money-From-Lucky-Jet-1024x585.webp 1024w, https:\/\/luckyjet.io\/wp-content\/uploads\/2024\/11\/Withdraw-Money-From-Lucky-Jet-768x439.webp 768w, https:\/\/luckyjet.io\/wp-content\/uploads\/2024\/11\/Withdraw-Money-From-Lucky-Jet-1536x878.webp 1536w\" sizes=\"(max-width: 677px) 100vw, 677px\" \/>\n<h2>Metode de plat\u0103 disponibile pentru retragerile Lucky Jet<\/h2>\nLucky Jet suport\u0103 diferite metode de plat\u0103 pentru a se potrivi preferin\u021belor juc\u0103torilor din \u00eentreaga lume. Fiecare op\u021biune are timpi de procesare, taxe \u0219i cerin\u021be unice. <strong>Transferuri bancare<\/strong>\nTransferurile bancare sunt o metod\u0103 de \u00eencredere pentru retragerile directe. Cu toate acestea, acestea pot implica taxe suplimentare \u0219i pot dura p\u00e2n\u0103 la cinci zile lucr\u0103toare pentru a fi procesate. <strong>Carduri de credit \u0219i de debit<\/strong>\nUtilizate pe scar\u0103 larg\u0103 \u0219i simple, cardurile de credit\/debit ofer\u0103 o op\u021biune fiabil\u0103 de retragere. Confirma\u021bi cu emitentul cardului cu privire la eventualele comisioane pentru tranzac\u021biile interna\u021bionale. <strong>Portofele electronice (PayPal, Skrill, Neteller)<\/strong>\nPortofelele electronice ofer\u0103 retrageri rapide \u0219i sigure, cu comisioane mai mici. De asemenea, permit urm\u0103rirea u\u0219oar\u0103 a tranzac\u021biilor, ceea ce le face populare printre juc\u0103torii online. <strong>Criptomonede (Bitcoin, Ethereum etc.)<\/strong>\nCriptomonedele ofer\u0103 op\u021biuni de retragere rapide, cu taxe reduse. Asigura\u021bi-v\u0103 c\u0103 portofelul dvs. cripto este configurat \u0219i compatibil cu op\u021biunile cripto ale Lucky Jet. \n\n \n\n \n\n \n\n \n<h2>Limitele minime \u0219i maxime ale retragerilor<\/h2>\nFiecare metod\u0103 de plat\u0103 are limite minime \u0219i maxime specifice. \u00cen general, portofelele electronice \u0219i crypto tind s\u0103 aib\u0103 limite minime mai mici comparativ cu transferurile bancare tradi\u021bionale. \n<table>\n<thead>\n<tr>\n<th>Metoda de plat\u0103<\/th>\n<th>Retragere minim\u0103<\/th>\n<th>Retragere maxim\u0103<\/th>\n<th>Timp de procesare<\/th>\n<\/tr>\n<\/thead>\n<tbody>\n<tr>\n<td>Transfer bancar<\/td>\n<td>$50<\/td>\n<td>$10,000<\/td>\n<td>3-5 zile lucr\u0103toare<\/td>\n<\/tr>\n<tr>\n<td>Portofele electronice<\/td>\n<td>$10<\/td>\n<td>$5,000<\/td>\n<td>1-2 zile lucr\u0103toare<\/td>\n<\/tr>\n<tr>\n<td>Crypto<\/td>\n<td>$20<\/td>\n<td>$15,000<\/td>\n<td>Instant p\u00e2n\u0103 la 24 de ore<\/td>\n<\/tr>\n<\/tbody>\n<\/table>\n<h2>Sfaturi pentru a evita \u00eent\u00e2rzierile \u0219i erorile la retragere<\/h2>\n<ol>\n \t<li><strong>Verific\u0103-\u021bi contul din timp<\/strong>: Depunerea \u00een prealabil a documentelor de verificare minimizeaz\u0103 \u00eent\u00e2rzierile.<\/li>\n \t<li><strong>Verifica\u021bi de dou\u0103 ori detaliile<\/strong>: Asigura\u021bi-v\u0103 c\u0103 detaliile bancare sau adresele portofelului sunt corecte.<\/li>\n \t<li><strong>Utiliza\u021bi un internet fiabil<\/strong>: Evita\u021bi Wi-Fi-ul public atunci c\u00e2nd ini\u021bia\u021bi retrageri pentru a asigura conexiuni sigure.<\/li>\n<\/ol>\n<h2>Probleme comune \u0219i rezolvarea problemelor pentru retragerile Lucky Jet<\/h2>\n\u00cen timp ce retragerile Lucky Jet sunt de obicei u\u0219oare, juc\u0103torii pot \u00eent\u00e2mpina ocazional probleme. Iat\u0103 care sunt problemele frecvente \u0219i solu\u021biile: \n<ul>\n \t<li><strong>Procesare \u00eent\u00e2rziat\u0103<\/strong>: Confirma\u021bi c\u0103 a\u021bi finalizat toate verific\u0103rile contului. Timpul de procesare variaz\u0103 \u00een func\u021bie de metoda de plat\u0103 aleas\u0103. <\/li>\n \t<li><strong>Retragere e\u0219uat\u0103<\/strong>: Acest lucru poate ap\u0103rea dac\u0103 detaliile introduse sunt incorecte sau dac\u0103 contul nu este verificat. Asigura\u021bi-v\u0103 c\u0103 toate informa\u021biile corespund detaliilor bancare sau ale portofelului dvs. <\/li>\n \t<li><strong>Taxe ridicate<\/strong>: Unele metode de plat\u0103 au comisioane mai mari dec\u00e2t altele. Dac\u0103 comisioanele sunt o problem\u0103, lua\u021bi \u00een considerare utilizarea portofelelor electronice sau a criptomonedelor. <\/li>\n<\/ul>\n<h2>\u00centreb\u0103ri frecvente (FAQ)<\/h2>\n<strong>Q1: Care este cea mai rapid\u0103 metod\u0103 de a retrage bani de la Lucky Jet?<\/strong>\n<strong>R<\/strong>: Portofelele electronice \u0219i criptomonedele ofer\u0103 de obicei cele mai rapide perioade de procesare, unele tranzac\u021bii fiind finalizate \u00een doar c\u00e2teva minute.\n\n<strong>Q2: Exist\u0103 un comision pentru retragerea banilor de la Lucky Jet?<\/strong>\n<strong>R<\/strong>: Comisioanele variaz\u0103 \u00een func\u021bie de metoda de plat\u0103. Transferurile bancare \u0219i cardurile de credit au adesea comisioane mai mari, \u00een timp ce portofelele electronice \u0219i crypto tind s\u0103 fie mai accesibile. \n\n<strong>Q3: C\u00e2t timp dureaz\u0103 s\u0103 primi\u021bi bani de la Lucky Jet?<\/strong>\n<strong>R<\/strong>: Timpul de retragere variaz\u0103. Portofelele electronice pot fi procesate \u00een mai pu\u021bin de 24 de ore, \u00een timp ce transferurile bancare pot dura 3-5 zile lucr\u0103toare. \n\n<strong>\u00ce4: Pot anula o cerere de retragere pe Lucky Jet?<\/strong>\n<strong>R<\/strong>: Da, dac\u0103 solicitarea dvs. este \u00eenc\u0103 \u00een a\u0219teptare, o pute\u021bi anula de obicei vizit\u00e2nd istoricul retragerilor din contul dvs.\n\n<strong>\u00ce5: De ce mi-a fost respins\u0103 cererea de retragere?<\/strong>\n<strong>R<\/strong>: Motivele frecvente includ fonduri insuficiente, conturi neverificate sau probleme cu metoda de plat\u0103 selectat\u0103. Contacta\u021bi asisten\u021ba pentru clien\u021bi pentru asisten\u021b\u0103 dac\u0103 \u00eent\u00e2mpina\u021bi probleme. <strong>Concluzie<\/strong>\nRetragerea banilor de la Lucky Jet poate fi un proces u\u0219or \u0219i satisf\u0103c\u0103tor dac\u0103 urma\u021bi pa\u0219ii necesari, alege\u021bi metoda de plat\u0103 potrivit\u0103 \u0219i urm\u0103ri\u021bi eventualele comisioane sau \u00eent\u00e2rzieri. Fie c\u0103 sunte\u021bi nou la Lucky Jet sau un juc\u0103tor experimentat, acest ghid v\u0103 va asigura c\u0103 ave\u021bi tot ce v\u0103 trebuie pentru o retragere de succes. \n\n \t\t\t\t\t\t\t\t<\/div>\n\t\t\t\t<\/div>\n\t\t\t\t\t<\/div>\n\t\t\t\t<\/div>\n\t\t\t\t<\/div>\n\t\t","protected":false},"excerpt":{"rendered":"<p>Lucky Jet a devenit unul dintre cele mai populare jocuri pentru pasiona\u021bii de jocuri online. Acest ghid ofer\u0103 o privire [&hellip;]<\/p>\n","protected":false},"author":1,"featured_media":477,"parent":0,"menu_order":0,"comment_status":"closed","ping_status":"closed","template":"","meta":{"site-sidebar-layout":"default","site-content-layout":"","ast-site-content-layout":"default","site-content-style":"default","site-sidebar-style":"default","ast-global-header-display":"","ast-banner-title-visibility":"","ast-main-header-display":"","ast-hfb-above-header-display":"","ast-hfb-below-header-display":"","ast-hfb-mobile-header-display":"","site-post-title":"","ast-breadcrumbs-content":"","ast-featured-img":"disabled","footer-sml-layout":"","theme-transparent-header-meta":"default","adv-header-id-meta":"","stick-header-meta":"","header-above-stick-meta":"","header-main-stick-meta":"","header-below-stick-meta":"","astra-migrate-meta-layouts":"default","ast-page-background-enabled":"default","ast-page-background-meta":{"desktop":{"background-color":"var(--ast-global-color-4)","background-image":"","background-repeat":"repeat","background-position":"center center","background-size":"auto","background-attachment":"scroll","background-type":"","background-media":"","overlay-type":"","overlay-color":"","overlay-opacity":"","overlay-gradient":""},"tablet":{"background-color":"","background-image":"","background-repeat":"repeat","background-position":"center center","background-size":"auto","background-attachment":"scroll","background-type":"","background-media":"","overlay-type":"","overlay-color":"","overlay-opacity":"","overlay-gradient":""},"mobile":{"background-color":"","background-image":"","background-repeat":"repeat","background-position":"center center","background-size":"auto","background-attachment":"scroll","background-type":"","background-media":"","overlay-type":"","overlay-color":"","overlay-opacity":"","overlay-gradient":""}},"ast-content-background-meta":{"desktop":{"background-color":"var(--ast-global-color-5)","background-image":"","background-repeat":"repeat","background-position":"center center","background-size":"auto","background-attachment":"scroll","background-type":"","background-media":"","overlay-type":"","overlay-color":"","overlay-opacity":"","overlay-gradient":""},"tablet":{"background-color":"var(--ast-global-color-5)","background-image":"","background-repeat":"repeat","background-position":"center center","background-size":"auto","background-attachment":"scroll","background-type":"","background-media":"","overlay-type":"","overlay-color":"","overlay-opacity":"","overlay-gradient":""},"mobile":{"background-color":"var(--ast-global-color-5)","background-image":"","background-repeat":"repeat","background-position":"center center","background-size":"auto","background-attachment":"scroll","background-type":"","background-media":"","overlay-type":"","overlay-color":"","overlay-opacity":"","overlay-gradient":""}},"footnotes":""},"class_list":["post-760","page","type-page","status-publish","has-post-thumbnail","hentry"],"yoast_head":"<!-- This site is optimized with the Yoast SEO plugin v25.3.1 - https:\/\/yoast.com\/wordpress\/plugins\/seo\/ -->\n<title>Cum s\u0103 retrage\u021bi bani de la Lucky Jet -<\/title>\n<meta name=\"robots\" content=\"index, follow, max-snippet:-1, max-image-preview:large, max-video-preview:-1\" \/>\n<link rel=\"canonical\" href=\"https:\/\/luckyjet.io\/ro\/cum-sa-retrageti-bani-de-la-lucky-jet\/\" \/>\n<meta property=\"og:locale\" content=\"ro_RO\" \/>\n<meta property=\"og:type\" content=\"article\" \/>\n<meta property=\"og:title\" content=\"Cum s\u0103 retrage\u021bi bani de la Lucky Jet -\" \/>\n<meta property=\"og:description\" content=\"Lucky Jet a devenit unul dintre cele mai populare jocuri pentru pasiona\u021bii de jocuri online. Acest ghid ofer\u0103 o privire [&hellip;]\" \/>\n<meta property=\"og:url\" content=\"https:\/\/luckyjet.io\/ro\/cum-sa-retrageti-bani-de-la-lucky-jet\/\" \/>\n<meta property=\"article:modified_time\" content=\"2024-12-17T18:28:59+00:00\" \/>\n<meta property=\"og:image\" content=\"https:\/\/luckyjet.io\/wp-content\/uploads\/2024\/10\/How-to-Withdraw-Money-From-Lucky-Jet.png\" \/>\n\t<meta property=\"og:image:width\" content=\"837\" \/>\n\t<meta property=\"og:image:height\" content=\"439\" \/>\n\t<meta property=\"og:image:type\" content=\"image\/png\" \/>\n<meta name=\"twitter:card\" content=\"summary_large_image\" \/>\n<meta name=\"twitter:label1\" content=\"Timp estimat pentru citire\" \/>\n\t<meta name=\"twitter:data1\" content=\"5 minute\" \/>\n<script type=\"application\/ld+json\" class=\"yoast-schema-graph\">{\"@context\":\"https:\/\/schema.org\",\"@graph\":[{\"@type\":\"WebPage\",\"@id\":\"https:\/\/luckyjet.io\/ro\/cum-sa-retrageti-bani-de-la-lucky-jet\/\",\"url\":\"https:\/\/luckyjet.io\/ro\/cum-sa-retrageti-bani-de-la-lucky-jet\/\",\"name\":\"Cum s\u0103 retrage\u021bi bani de la Lucky Jet -\",\"isPartOf\":{\"@id\":\"https:\/\/luckyjet.io\/ro\/#website\"},\"primaryImageOfPage\":{\"@id\":\"https:\/\/luckyjet.io\/ro\/cum-sa-retrageti-bani-de-la-lucky-jet\/#primaryimage\"},\"image\":{\"@id\":\"https:\/\/luckyjet.io\/ro\/cum-sa-retrageti-bani-de-la-lucky-jet\/#primaryimage\"},\"thumbnailUrl\":\"https:\/\/luckyjet.io\/wp-content\/uploads\/2024\/10\/How-to-Withdraw-Money-From-Lucky-Jet.png\",\"datePublished\":\"2024-10-26T14:59:34+00:00\",\"dateModified\":\"2024-12-17T18:28:59+00:00\",\"breadcrumb\":{\"@id\":\"https:\/\/luckyjet.io\/ro\/cum-sa-retrageti-bani-de-la-lucky-jet\/#breadcrumb\"},\"inLanguage\":\"ro-RO\",\"potentialAction\":[{\"@type\":\"ReadAction\",\"target\":[\"https:\/\/luckyjet.io\/ro\/cum-sa-retrageti-bani-de-la-lucky-jet\/\"]}]},{\"@type\":\"ImageObject\",\"inLanguage\":\"ro-RO\",\"@id\":\"https:\/\/luckyjet.io\/ro\/cum-sa-retrageti-bani-de-la-lucky-jet\/#primaryimage\",\"url\":\"https:\/\/luckyjet.io\/wp-content\/uploads\/2024\/10\/How-to-Withdraw-Money-From-Lucky-Jet.png\",\"contentUrl\":\"https:\/\/luckyjet.io\/wp-content\/uploads\/2024\/10\/How-to-Withdraw-Money-From-Lucky-Jet.png\",\"width\":837,\"height\":439},{\"@type\":\"BreadcrumbList\",\"@id\":\"https:\/\/luckyjet.io\/ro\/cum-sa-retrageti-bani-de-la-lucky-jet\/#breadcrumb\",\"itemListElement\":[{\"@type\":\"ListItem\",\"position\":1,\"name\":\"Home\",\"item\":\"https:\/\/luckyjet.io\/ro\/\"},{\"@type\":\"ListItem\",\"position\":2,\"name\":\"Cum s\u0103 retrage\u021bi bani de la Lucky Jet\"}]},{\"@type\":\"WebSite\",\"@id\":\"https:\/\/luckyjet.io\/ro\/#website\",\"url\":\"https:\/\/luckyjet.io\/ro\/\",\"name\":\"Lucky Jet 1win\",\"description\":\"\",\"publisher\":{\"@id\":\"https:\/\/luckyjet.io\/ro\/#organization\"},\"alternateName\":\"Lucky Jet\",\"potentialAction\":[{\"@type\":\"SearchAction\",\"target\":{\"@type\":\"EntryPoint\",\"urlTemplate\":\"https:\/\/luckyjet.io\/ro\/?s={search_term_string}\"},\"query-input\":{\"@type\":\"PropertyValueSpecification\",\"valueRequired\":true,\"valueName\":\"search_term_string\"}}],\"inLanguage\":\"ro-RO\"},{\"@type\":\"Organization\",\"@id\":\"https:\/\/luckyjet.io\/ro\/#organization\",\"name\":\"Lucky Jet 1win\",\"url\":\"https:\/\/luckyjet.io\/ro\/\",\"logo\":{\"@type\":\"ImageObject\",\"inLanguage\":\"ro-RO\",\"@id\":\"https:\/\/luckyjet.io\/ro\/#\/schema\/logo\/image\/\",\"url\":\"https:\/\/luckyjet.io\/wp-content\/uploads\/2024\/10\/cropped-lucky-jet.png\",\"contentUrl\":\"https:\/\/luckyjet.io\/wp-content\/uploads\/2024\/10\/cropped-lucky-jet.png\",\"width\":236,\"height\":79,\"caption\":\"Lucky Jet 1win\"},\"image\":{\"@id\":\"https:\/\/luckyjet.io\/ro\/#\/schema\/logo\/image\/\"}}]}<\/script>\n<!-- \/ Yoast SEO plugin. -->","yoast_head_json":{"title":"Cum s\u0103 retrage\u021bi bani de la Lucky Jet -","robots":{"index":"index","follow":"follow","max-snippet":"max-snippet:-1","max-image-preview":"max-image-preview:large","max-video-preview":"max-video-preview:-1"},"canonical":"https:\/\/luckyjet.io\/ro\/cum-sa-retrageti-bani-de-la-lucky-jet\/","og_locale":"ro_RO","og_type":"article","og_title":"Cum s\u0103 retrage\u021bi bani de la Lucky Jet -","og_description":"Lucky Jet a devenit unul dintre cele mai populare jocuri pentru pasiona\u021bii de jocuri online. Acest ghid ofer\u0103 o privire [&hellip;]","og_url":"https:\/\/luckyjet.io\/ro\/cum-sa-retrageti-bani-de-la-lucky-jet\/","article_modified_time":"2024-12-17T18:28:59+00:00","og_image":[{"width":837,"height":439,"url":"https:\/\/luckyjet.io\/wp-content\/uploads\/2024\/10\/How-to-Withdraw-Money-From-Lucky-Jet.png","type":"image\/png"}],"twitter_card":"summary_large_image","twitter_misc":{"Timp estimat pentru citire":"5 minute"},"schema":{"@context":"https:\/\/schema.org","@graph":[{"@type":"WebPage","@id":"https:\/\/luckyjet.io\/ro\/cum-sa-retrageti-bani-de-la-lucky-jet\/","url":"https:\/\/luckyjet.io\/ro\/cum-sa-retrageti-bani-de-la-lucky-jet\/","name":"Cum s\u0103 retrage\u021bi bani de la Lucky Jet -","isPartOf":{"@id":"https:\/\/luckyjet.io\/ro\/#website"},"primaryImageOfPage":{"@id":"https:\/\/luckyjet.io\/ro\/cum-sa-retrageti-bani-de-la-lucky-jet\/#primaryimage"},"image":{"@id":"https:\/\/luckyjet.io\/ro\/cum-sa-retrageti-bani-de-la-lucky-jet\/#primaryimage"},"thumbnailUrl":"https:\/\/luckyjet.io\/wp-content\/uploads\/2024\/10\/How-to-Withdraw-Money-From-Lucky-Jet.png","datePublished":"2024-10-26T14:59:34+00:00","dateModified":"2024-12-17T18:28:59+00:00","breadcrumb":{"@id":"https:\/\/luckyjet.io\/ro\/cum-sa-retrageti-bani-de-la-lucky-jet\/#breadcrumb"},"inLanguage":"ro-RO","potentialAction":[{"@type":"ReadAction","target":["https:\/\/luckyjet.io\/ro\/cum-sa-retrageti-bani-de-la-lucky-jet\/"]}]},{"@type":"ImageObject","inLanguage":"ro-RO","@id":"https:\/\/luckyjet.io\/ro\/cum-sa-retrageti-bani-de-la-lucky-jet\/#primaryimage","url":"https:\/\/luckyjet.io\/wp-content\/uploads\/2024\/10\/How-to-Withdraw-Money-From-Lucky-Jet.png","contentUrl":"https:\/\/luckyjet.io\/wp-content\/uploads\/2024\/10\/How-to-Withdraw-Money-From-Lucky-Jet.png","width":837,"height":439},{"@type":"BreadcrumbList","@id":"https:\/\/luckyjet.io\/ro\/cum-sa-retrageti-bani-de-la-lucky-jet\/#breadcrumb","itemListElement":[{"@type":"ListItem","position":1,"name":"Home","item":"https:\/\/luckyjet.io\/ro\/"},{"@type":"ListItem","position":2,"name":"Cum s\u0103 retrage\u021bi bani de la Lucky Jet"}]},{"@type":"WebSite","@id":"https:\/\/luckyjet.io\/ro\/#website","url":"https:\/\/luckyjet.io\/ro\/","name":"Lucky Jet 1win","description":"","publisher":{"@id":"https:\/\/luckyjet.io\/ro\/#organization"},"alternateName":"Lucky Jet","potentialAction":[{"@type":"SearchAction","target":{"@type":"EntryPoint","urlTemplate":"https:\/\/luckyjet.io\/ro\/?s={search_term_string}"},"query-input":{"@type":"PropertyValueSpecification","valueRequired":true,"valueName":"search_term_string"}}],"inLanguage":"ro-RO"},{"@type":"Organization","@id":"https:\/\/luckyjet.io\/ro\/#organization","name":"Lucky Jet 1win","url":"https:\/\/luckyjet.io\/ro\/","logo":{"@type":"ImageObject","inLanguage":"ro-RO","@id":"https:\/\/luckyjet.io\/ro\/#\/schema\/logo\/image\/","url":"https:\/\/luckyjet.io\/wp-content\/uploads\/2024\/10\/cropped-lucky-jet.png","contentUrl":"https:\/\/luckyjet.io\/wp-content\/uploads\/2024\/10\/cropped-lucky-jet.png","width":236,"height":79,"caption":"Lucky Jet 1win"},"image":{"@id":"https:\/\/luckyjet.io\/ro\/#\/schema\/logo\/image\/"}}]}},"_links":{"self":[{"href":"https:\/\/luckyjet.io\/ro\/wp-json\/wp\/v2\/pages\/760","targetHints":{"allow":["GET"]}}],"collection":[{"href":"https:\/\/luckyjet.io\/ro\/wp-json\/wp\/v2\/pages"}],"about":[{"href":"https:\/\/luckyjet.io\/ro\/wp-json\/wp\/v2\/types\/page"}],"author":[{"embeddable":true,"href":"https:\/\/luckyjet.io\/ro\/wp-json\/wp\/v2\/users\/1"}],"replies":[{"embeddable":true,"href":"https:\/\/luckyjet.io\/ro\/wp-json\/wp\/v2\/comments?post=760"}],"version-history":[{"count":2,"href":"https:\/\/luckyjet.io\/ro\/wp-json\/wp\/v2\/pages\/760\/revisions"}],"predecessor-version":[{"id":1218,"href":"https:\/\/luckyjet.io\/ro\/wp-json\/wp\/v2\/pages\/760\/revisions\/1218"}],"wp:featuredmedia":[{"embeddable":true,"href":"https:\/\/luckyjet.io\/ro\/wp-json\/wp\/v2\/media\/477"}],"wp:attachment":[{"href":"https:\/\/luckyjet.io\/ro\/wp-json\/wp\/v2\/media?parent=760"}],"curies":[{"name":"wp","href":"https:\/\/api.w.org\/{rel}","templated":true}]}}