{"id":763,"date":"2024-10-26T14:59:34","date_gmt":"2024-10-26T14:59:34","guid":{"rendered":"https:\/\/luckyjet.io\/comment-retirer-de-largent-de-lucky-jet\/"},"modified":"2024-12-17T18:28:54","modified_gmt":"2024-12-17T18:28:54","slug":"comment-retirer-de-largent-de-lucky-jet","status":"publish","type":"page","link":"https:\/\/luckyjet.io\/fr\/comment-retirer-de-largent-de-lucky-jet\/","title":{"rendered":"Comment retirer de l&rsquo;argent de Lucky Jet ?"},"content":{"rendered":"\t\t<div data-elementor-type=\"wp-page\" data-elementor-id=\"763\" class=\"elementor elementor-763\">\n\t\t\t\t<div class=\"elementor-element elementor-element-7079a769 e-flex e-con-boxed e-con e-parent\" data-id=\"7079a769\" data-element_type=\"container\">\n\t\t\t\t\t<div class=\"e-con-inner\">\n\t\t\t\t<div class=\"elementor-element elementor-element-327248a elementor-widget elementor-widget-text-editor\" data-id=\"327248a\" data-element_type=\"widget\" data-widget_type=\"text-editor.default\">\n\t\t\t\t<div class=\"elementor-widget-container\">\n\t\t\t\t\t\t\t\t\tLucky Jet est devenu l&rsquo;un des jeux les plus populaires aupr\u00e8s des amateurs de jeux en ligne. Ce guide explique en d\u00e9tail comment retirer vos gains de Lucky Jet, en pr\u00e9cisant les \u00e9tapes, les m\u00e9thodes disponibles et les questions fr\u00e9quemment pos\u00e9es pour garantir une transaction en douceur. <a href=\"https:\/\/luckyjet.io\/fr\/\">Lucky Jet<\/a> est un jeu de crash en ligne qui allie un rythme de jeu rapide \u00e0 un potentiel de gains importants. Les joueurs parient sur la dur\u00e9e pendant laquelle un jet peut rester en l&rsquo;air avant de s&rsquo;\u00e9craser, les gains augmentant au fur et \u00e0 mesure qu&rsquo;ils tiennent leur pari. Avec la possibilit\u00e9 de gains importants, il est essentiel pour les joueurs de comprendre le processus de retrait. \n\n  \n<h2>Aper\u00e7u de la proc\u00e9dure de retrait de Lucky Jet<\/h2>\nLa proc\u00e9dure de retrait sur Lucky Jet est simple, mais plusieurs \u00e9tapes doivent \u00eatre suivies avec pr\u00e9cision. En g\u00e9n\u00e9ral, les retraits n\u00e9cessitent : \n<ul>\n \t<li><strong>V\u00e9rification de l&rsquo;identit\u00e9<\/strong> pour la s\u00e9curit\u00e9.<\/li>\n \t<li>S\u00e9lection de <strong>m\u00e9thodes de paiement<\/strong> comme les virements bancaires, les portefeuilles \u00e9lectroniques ou les crypto-monnaies.<\/li>\n \t<li>Respecter les exigences en mati\u00e8re de retraits minimums et les directives de la plateforme.<\/li>\n<\/ul>\n<h2>Guide \u00e9tape par \u00e9tape pour retirer de l&rsquo;argent de Lucky Jet<\/h2>\n<strong>\u00c9tape 1 : Connectez-vous \u00e0 votre compte Lucky Jet<\/strong>\nApr\u00e8s vous \u00eatre connect\u00e9 \u00e0 votre compte, acc\u00e9dez \u00e0 la section de retrait, g\u00e9n\u00e9ralement sous \u00a0\u00bb Mon compte \u00a0\u00bb ou \u00a0\u00bb Portefeuille \u00ab\u00a0. <strong>\u00c9tape 2 : Choisissez votre m\u00e9thode de retrait<\/strong>\nLucky Jet offre plusieurs options de retrait, notamment les cartes de cr\u00e9dit\/d\u00e9bit, les transferts bancaires, les portefeuilles \u00e9lectroniques et les crypto-monnaies. Choisissez une m\u00e9thode qui soit \u00e0 la fois accessible et pratique. <strong>\u00c9tape 3 : V\u00e9rifiez votre<\/strong> identit\u00e9\nEn raison des r\u00e8gles de s\u00e9curit\u00e9, Lucky Jet peut demander une v\u00e9rification d&rsquo;identit\u00e9. Pr\u00e9parez des documents tels qu&rsquo;une carte d&rsquo;identit\u00e9, une facture d&rsquo;\u00e9lectricit\u00e9 ou un relev\u00e9 bancaire. <strong>\u00c9tape 4 : Saisissez le montant du retrait<\/strong>\nApr\u00e8s avoir s\u00e9lectionn\u00e9 votre m\u00e9thode de retrait pr\u00e9f\u00e9r\u00e9e, saisissez le montant que vous souhaitez retirer. Assurez-vous qu&rsquo;il respecte les seuils minimum et maximum. <strong>\u00c9tape 5 : Confirmez le retrait<\/strong>\nV\u00e9rifiez \u00e0 nouveau tous les d\u00e9tails saisis, puis confirmez. Surveillez votre courrier \u00e9lectronique ou vos notifications pour vous tenir au courant de l&rsquo;\u00e9volution de votre demande.\n\n \n\n \n\n \n\n \n\n<img fetchpriority=\"high\" decoding=\"async\" class=\"aligncenter wp-image-253 \" src=\"https:\/\/luckyjet.io\/wp-content\/uploads\/2024\/11\/Withdraw-Money-From-Lucky-Jet.webp\" alt=\"\" width=\"677\" height=\"387\" srcset=\"https:\/\/luckyjet.io\/wp-content\/uploads\/2024\/11\/Withdraw-Money-From-Lucky-Jet.webp 1792w, https:\/\/luckyjet.io\/wp-content\/uploads\/2024\/11\/Withdraw-Money-From-Lucky-Jet-300x171.webp 300w, https:\/\/luckyjet.io\/wp-content\/uploads\/2024\/11\/Withdraw-Money-From-Lucky-Jet-1024x585.webp 1024w, https:\/\/luckyjet.io\/wp-content\/uploads\/2024\/11\/Withdraw-Money-From-Lucky-Jet-768x439.webp 768w, https:\/\/luckyjet.io\/wp-content\/uploads\/2024\/11\/Withdraw-Money-From-Lucky-Jet-1536x878.webp 1536w\" sizes=\"(max-width: 677px) 100vw, 677px\" \/>\n<h2>M\u00e9thodes de paiement disponibles pour les retraits de Lucky Jet<\/h2>\nLucky Jet prend en charge diff\u00e9rentes m\u00e9thodes de paiement afin de r\u00e9pondre aux pr\u00e9f\u00e9rences des joueurs du monde entier. Chaque option a des d\u00e9lais de traitement, des frais et des exigences qui lui sont propres. <strong>Virements bancaires<\/strong>\nLes virements bancaires sont une m\u00e9thode fiable pour les retraits directs. Cependant, ils peuvent entra\u00eener des frais suppl\u00e9mentaires et leur traitement peut prendre jusqu&rsquo;\u00e0 cinq jours ouvrables. <strong>Cartes de cr\u00e9dit et de d\u00e9bit<\/strong>\nLargement utilis\u00e9es et simples, les cartes de cr\u00e9dit\/d\u00e9bit constituent une option de retrait fiable. Renseignez-vous aupr\u00e8s de l&rsquo;\u00e9metteur de votre carte sur les \u00e9ventuels frais de transactions internationales. <strong>Portefeuilles \u00e9lectroniques (PayPal, Skrill, Neteller)<\/strong>\nLes portefeuilles \u00e9lectroniques permettent des retraits rapides et s\u00fbrs avec des frais r\u00e9duits. Ils permettent \u00e9galement de suivre facilement les transactions, ce qui les rend populaires aupr\u00e8s des joueurs en ligne. <strong>Crypto-monnaie (Bitcoin, Ethereum, etc.)<\/strong>\nLes crypto-monnaies offrent des options de retrait rapides et sans frais. Assurez-vous que votre portefeuille de crypto-monnaies est configur\u00e9 et compatible avec les options de crypto-monnaies de Lucky Jet. \n\n \n\n \n\n \n\n \n<h2>Limites minimales et maximales de retrait<\/h2>\nChaque m\u00e9thode de paiement a des limites minimales et maximales sp\u00e9cifiques. En g\u00e9n\u00e9ral, les portefeuilles \u00e9lectroniques et les crypto-monnaies ont tendance \u00e0 avoir des limites minimales plus basses que les virements bancaires traditionnels. \n<table>\n<thead>\n<tr>\n<th>Mode de paiement<\/th>\n<th>Retrait minimum<\/th>\n<th>Retrait maximum<\/th>\n<th>D\u00e9lai de traitement<\/th>\n<\/tr>\n<\/thead>\n<tbody>\n<tr>\n<td>Virement bancaire<\/td>\n<td>$50<\/td>\n<td>$10,000<\/td>\n<td>3-5 jours ouvrables<\/td>\n<\/tr>\n<tr>\n<td>Portefeuilles \u00e9lectroniques<\/td>\n<td>$10<\/td>\n<td>$5,000<\/td>\n<td>1-2 jours ouvrables<\/td>\n<\/tr>\n<tr>\n<td>Crypto<\/td>\n<td>$20<\/td>\n<td>$15,000<\/td>\n<td>Instantan\u00e9 \u00e0 24 heures<\/td>\n<\/tr>\n<\/tbody>\n<\/table>\n<h2>Conseils pour \u00e9viter les retards et les erreurs de retrait<\/h2>\n<ol>\n \t<li><strong>V\u00e9rifiez votre compte \u00e0 l&rsquo;avance<\/strong>: En soumettant les documents de v\u00e9rification \u00e0 l&rsquo;avance, vous minimisez les retards.<\/li>\n \t<li><strong>V\u00e9rifiez les d\u00e9tails<\/strong>: Assurez-vous que vos coordonn\u00e9es bancaires ou l&rsquo;adresse de votre portefeuille sont correctes.<\/li>\n \t<li><strong>Utilisez une connexion Internet fiable<\/strong>: \u00c9vitez les r\u00e9seaux Wi-Fi publics lorsque vous effectuez des retraits afin de garantir des connexions s\u00e9curis\u00e9es.<\/li>\n<\/ol>\n<h2>Probl\u00e8mes courants et d\u00e9pannage pour les retraits de Lucky Jet<\/h2>\nBien que les retraits de Lucky Jet se d\u00e9roulent g\u00e9n\u00e9ralement sans probl\u00e8me, les joueurs peuvent occasionnellement rencontrer des probl\u00e8mes. Voici les probl\u00e8mes les plus courants et leurs solutions : \n<ul>\n \t<li><strong>Traitement retard\u00e9<\/strong>: Confirmez que vous avez effectu\u00e9 toutes les v\u00e9rifications de votre compte. Les d\u00e9lais de traitement varient en fonction de la m\u00e9thode de paiement choisie. <\/li>\n \t<li><strong>\u00c9chec du retrait<\/strong>: Cela peut se produire si les donn\u00e9es saisies sont incorrectes ou si le compte n&rsquo;est pas v\u00e9rifi\u00e9. Assurez-vous que toutes les informations correspondent \u00e0 vos coordonn\u00e9es bancaires ou \u00e0 celles de votre portefeuille. <\/li>\n \t<li><strong>Frais \u00e9lev\u00e9s<\/strong>: Certains modes de paiement entra\u00eenent des frais plus \u00e9lev\u00e9s que d&rsquo;autres. Si les frais sont un probl\u00e8me, envisagez d&rsquo;utiliser des portefeuilles \u00e9lectroniques ou des crypto-monnaies. <\/li>\n<\/ul>\n<h2>Foire aux questions (FAQ)<\/h2>\n<strong>Q1 : Quelle est la m\u00e9thode la plus rapide pour retirer de l&rsquo;argent de Lucky Jet ?<\/strong>\n<strong>R<\/strong>: Les portefeuilles \u00e9lectroniques et les crypto-monnaies offrent g\u00e9n\u00e9ralement les d\u00e9lais de traitement les plus courts, certaines transactions \u00e9tant effectu\u00e9es en quelques minutes seulement.\n\n<strong>Q2 : Y a-t-il des frais pour retirer de l&rsquo;argent de Lucky Jet ?<\/strong>\n<strong>R<\/strong>: Les frais varient en fonction de la m\u00e9thode de paiement. Les virements bancaires et les cartes de cr\u00e9dit ont souvent des frais plus \u00e9lev\u00e9s, tandis que les portefeuilles \u00e9lectroniques et les crypto-monnaies ont tendance \u00e0 \u00eatre plus abordables. \n\n<strong>Q3 : Combien de temps faut-il pour recevoir de l&rsquo;argent de Lucky Jet ?<\/strong>\n<strong>R<\/strong>: Les d\u00e9lais de retrait varient. Les portefeuilles \u00e9lectroniques peuvent \u00eatre trait\u00e9s en moins de 24 heures, tandis que les virements bancaires peuvent prendre de 3 \u00e0 5 jours ouvrables. \n\n<strong>Q4 : Puis-je annuler une demande de retrait sur Lucky Jet ?<\/strong>\n<strong>R<\/strong>: Oui, si votre demande est toujours en attente, vous pouvez g\u00e9n\u00e9ralement l&rsquo;annuler en consultant l&rsquo;historique des retraits sur votre compte.\n\n<strong>Q5 : Pourquoi ma demande de retrait a-t-elle \u00e9t\u00e9 refus\u00e9e ?<\/strong>\n<strong>R<\/strong>: Les raisons les plus courantes sont une insuffisance de fonds, des comptes non v\u00e9rifi\u00e9s ou des probl\u00e8mes li\u00e9s \u00e0 la m\u00e9thode de paiement s\u00e9lectionn\u00e9e. Contactez le service client\u00e8le pour obtenir de l&rsquo;aide si vous rencontrez des probl\u00e8mes. <strong>Conclusion<\/strong>\nRetirer votre argent de Lucky Jet peut \u00eatre un processus fluide et satisfaisant si vous suivez les \u00e9tapes n\u00e9cessaires, si vous choisissez la bonne m\u00e9thode de paiement et si vous tenez compte des \u00e9ventuels frais ou retards. Que vous soyez nouveau sur Lucky Jet ou un joueur exp\u00e9riment\u00e9, ce guide vous permettra de disposer de tout ce dont vous avez besoin pour un retrait r\u00e9ussi. \n\n \t\t\t\t\t\t\t\t<\/div>\n\t\t\t\t<\/div>\n\t\t\t\t\t<\/div>\n\t\t\t\t<\/div>\n\t\t\t\t<\/div>\n\t\t","protected":false},"excerpt":{"rendered":"<p>Lucky Jet est devenu l&rsquo;un des jeux les plus populaires aupr\u00e8s des amateurs de jeux en ligne. Ce guide explique [&hellip;]<\/p>\n","protected":false},"author":1,"featured_media":471,"parent":0,"menu_order":0,"comment_status":"closed","ping_status":"closed","template":"","meta":{"site-sidebar-layout":"default","site-content-layout":"","ast-site-content-layout":"default","site-content-style":"default","site-sidebar-style":"default","ast-global-header-display":"","ast-banner-title-visibility":"","ast-main-header-display":"","ast-hfb-above-header-display":"","ast-hfb-below-header-display":"","ast-hfb-mobile-header-display":"","site-post-title":"","ast-breadcrumbs-content":"","ast-featured-img":"disabled","footer-sml-layout":"","theme-transparent-header-meta":"default","adv-header-id-meta":"","stick-header-meta":"","header-above-stick-meta":"","header-main-stick-meta":"","header-below-stick-meta":"","astra-migrate-meta-layouts":"default","ast-page-background-enabled":"default","ast-page-background-meta":{"desktop":{"background-color":"var(--ast-global-color-4)","background-image":"","background-repeat":"repeat","background-position":"center center","background-size":"auto","background-attachment":"scroll","background-type":"","background-media":"","overlay-type":"","overlay-color":"","overlay-opacity":"","overlay-gradient":""},"tablet":{"background-color":"","background-image":"","background-repeat":"repeat","background-position":"center center","background-size":"auto","background-attachment":"scroll","background-type":"","background-media":"","overlay-type":"","overlay-color":"","overlay-opacity":"","overlay-gradient":""},"mobile":{"background-color":"","background-image":"","background-repeat":"repeat","background-position":"center center","background-size":"auto","background-attachment":"scroll","background-type":"","background-media":"","overlay-type":"","overlay-color":"","overlay-opacity":"","overlay-gradient":""}},"ast-content-background-meta":{"desktop":{"background-color":"var(--ast-global-color-5)","background-image":"","background-repeat":"repeat","background-position":"center center","background-size":"auto","background-attachment":"scroll","background-type":"","background-media":"","overlay-type":"","overlay-color":"","overlay-opacity":"","overlay-gradient":""},"tablet":{"background-color":"var(--ast-global-color-5)","background-image":"","background-repeat":"repeat","background-position":"center center","background-size":"auto","background-attachment":"scroll","background-type":"","background-media":"","overlay-type":"","overlay-color":"","overlay-opacity":"","overlay-gradient":""},"mobile":{"background-color":"var(--ast-global-color-5)","background-image":"","background-repeat":"repeat","background-position":"center center","background-size":"auto","background-attachment":"scroll","background-type":"","background-media":"","overlay-type":"","overlay-color":"","overlay-opacity":"","overlay-gradient":""}},"footnotes":""},"class_list":["post-763","page","type-page","status-publish","has-post-thumbnail","hentry"],"yoast_head":"<!-- This site is optimized with the Yoast SEO plugin v25.3.1 - https:\/\/yoast.com\/wordpress\/plugins\/seo\/ -->\n<title>Comment retirer de l&#039;argent de Lucky Jet ? -<\/title>\n<meta name=\"robots\" content=\"index, follow, max-snippet:-1, max-image-preview:large, max-video-preview:-1\" \/>\n<link rel=\"canonical\" href=\"https:\/\/luckyjet.io\/fr\/comment-retirer-de-largent-de-lucky-jet\/\" \/>\n<meta property=\"og:locale\" content=\"fr_FR\" \/>\n<meta property=\"og:type\" content=\"article\" \/>\n<meta property=\"og:title\" content=\"Comment retirer de l&#039;argent de Lucky Jet ? -\" \/>\n<meta property=\"og:description\" content=\"Lucky Jet est devenu l&rsquo;un des jeux les plus populaires aupr\u00e8s des amateurs de jeux en ligne. Ce guide explique [&hellip;]\" \/>\n<meta property=\"og:url\" content=\"https:\/\/luckyjet.io\/fr\/comment-retirer-de-largent-de-lucky-jet\/\" \/>\n<meta property=\"article:modified_time\" content=\"2024-12-17T18:28:54+00:00\" \/>\n<meta property=\"og:image\" content=\"https:\/\/luckyjet.io\/wp-content\/uploads\/2024\/10\/How-to-Withdraw-Money-From-Lucky-Jet.png\" \/>\n\t<meta property=\"og:image:width\" content=\"837\" \/>\n\t<meta property=\"og:image:height\" content=\"439\" \/>\n\t<meta property=\"og:image:type\" content=\"image\/png\" \/>\n<meta name=\"twitter:card\" content=\"summary_large_image\" \/>\n<meta name=\"twitter:label1\" content=\"Dur\u00e9e de lecture estim\u00e9e\" \/>\n\t<meta name=\"twitter:data1\" content=\"6 minutes\" \/>\n<script type=\"application\/ld+json\" class=\"yoast-schema-graph\">{\"@context\":\"https:\/\/schema.org\",\"@graph\":[{\"@type\":\"WebPage\",\"@id\":\"https:\/\/luckyjet.io\/fr\/comment-retirer-de-largent-de-lucky-jet\/\",\"url\":\"https:\/\/luckyjet.io\/fr\/comment-retirer-de-largent-de-lucky-jet\/\",\"name\":\"Comment retirer de l'argent de Lucky Jet ? -\",\"isPartOf\":{\"@id\":\"https:\/\/luckyjet.io\/fr\/#website\"},\"primaryImageOfPage\":{\"@id\":\"https:\/\/luckyjet.io\/fr\/comment-retirer-de-largent-de-lucky-jet\/#primaryimage\"},\"image\":{\"@id\":\"https:\/\/luckyjet.io\/fr\/comment-retirer-de-largent-de-lucky-jet\/#primaryimage\"},\"thumbnailUrl\":\"https:\/\/luckyjet.io\/wp-content\/uploads\/2024\/10\/How-to-Withdraw-Money-From-Lucky-Jet.png\",\"datePublished\":\"2024-10-26T14:59:34+00:00\",\"dateModified\":\"2024-12-17T18:28:54+00:00\",\"breadcrumb\":{\"@id\":\"https:\/\/luckyjet.io\/fr\/comment-retirer-de-largent-de-lucky-jet\/#breadcrumb\"},\"inLanguage\":\"fr-FR\",\"potentialAction\":[{\"@type\":\"ReadAction\",\"target\":[\"https:\/\/luckyjet.io\/fr\/comment-retirer-de-largent-de-lucky-jet\/\"]}]},{\"@type\":\"ImageObject\",\"inLanguage\":\"fr-FR\",\"@id\":\"https:\/\/luckyjet.io\/fr\/comment-retirer-de-largent-de-lucky-jet\/#primaryimage\",\"url\":\"https:\/\/luckyjet.io\/wp-content\/uploads\/2024\/10\/How-to-Withdraw-Money-From-Lucky-Jet.png\",\"contentUrl\":\"https:\/\/luckyjet.io\/wp-content\/uploads\/2024\/10\/How-to-Withdraw-Money-From-Lucky-Jet.png\",\"width\":837,\"height\":439},{\"@type\":\"BreadcrumbList\",\"@id\":\"https:\/\/luckyjet.io\/fr\/comment-retirer-de-largent-de-lucky-jet\/#breadcrumb\",\"itemListElement\":[{\"@type\":\"ListItem\",\"position\":1,\"name\":\"Home\",\"item\":\"https:\/\/luckyjet.io\/fr\/\"},{\"@type\":\"ListItem\",\"position\":2,\"name\":\"Comment retirer de l&rsquo;argent de Lucky Jet ?\"}]},{\"@type\":\"WebSite\",\"@id\":\"https:\/\/luckyjet.io\/fr\/#website\",\"url\":\"https:\/\/luckyjet.io\/fr\/\",\"name\":\"Lucky Jet 1win\",\"description\":\"\",\"publisher\":{\"@id\":\"https:\/\/luckyjet.io\/fr\/#organization\"},\"alternateName\":\"Lucky Jet\",\"potentialAction\":[{\"@type\":\"SearchAction\",\"target\":{\"@type\":\"EntryPoint\",\"urlTemplate\":\"https:\/\/luckyjet.io\/fr\/?s={search_term_string}\"},\"query-input\":{\"@type\":\"PropertyValueSpecification\",\"valueRequired\":true,\"valueName\":\"search_term_string\"}}],\"inLanguage\":\"fr-FR\"},{\"@type\":\"Organization\",\"@id\":\"https:\/\/luckyjet.io\/fr\/#organization\",\"name\":\"Lucky Jet 1win\",\"url\":\"https:\/\/luckyjet.io\/fr\/\",\"logo\":{\"@type\":\"ImageObject\",\"inLanguage\":\"fr-FR\",\"@id\":\"https:\/\/luckyjet.io\/fr\/#\/schema\/logo\/image\/\",\"url\":\"https:\/\/luckyjet.io\/wp-content\/uploads\/2024\/10\/cropped-lucky-jet.png\",\"contentUrl\":\"https:\/\/luckyjet.io\/wp-content\/uploads\/2024\/10\/cropped-lucky-jet.png\",\"width\":236,\"height\":79,\"caption\":\"Lucky Jet 1win\"},\"image\":{\"@id\":\"https:\/\/luckyjet.io\/fr\/#\/schema\/logo\/image\/\"}}]}<\/script>\n<!-- \/ Yoast SEO plugin. -->","yoast_head_json":{"title":"Comment retirer de l'argent de Lucky Jet ? -","robots":{"index":"index","follow":"follow","max-snippet":"max-snippet:-1","max-image-preview":"max-image-preview:large","max-video-preview":"max-video-preview:-1"},"canonical":"https:\/\/luckyjet.io\/fr\/comment-retirer-de-largent-de-lucky-jet\/","og_locale":"fr_FR","og_type":"article","og_title":"Comment retirer de l'argent de Lucky Jet ? -","og_description":"Lucky Jet est devenu l&rsquo;un des jeux les plus populaires aupr\u00e8s des amateurs de jeux en ligne. Ce guide explique [&hellip;]","og_url":"https:\/\/luckyjet.io\/fr\/comment-retirer-de-largent-de-lucky-jet\/","article_modified_time":"2024-12-17T18:28:54+00:00","og_image":[{"width":837,"height":439,"url":"https:\/\/luckyjet.io\/wp-content\/uploads\/2024\/10\/How-to-Withdraw-Money-From-Lucky-Jet.png","type":"image\/png"}],"twitter_card":"summary_large_image","twitter_misc":{"Dur\u00e9e de lecture estim\u00e9e":"6 minutes"},"schema":{"@context":"https:\/\/schema.org","@graph":[{"@type":"WebPage","@id":"https:\/\/luckyjet.io\/fr\/comment-retirer-de-largent-de-lucky-jet\/","url":"https:\/\/luckyjet.io\/fr\/comment-retirer-de-largent-de-lucky-jet\/","name":"Comment retirer de l'argent de Lucky Jet ? -","isPartOf":{"@id":"https:\/\/luckyjet.io\/fr\/#website"},"primaryImageOfPage":{"@id":"https:\/\/luckyjet.io\/fr\/comment-retirer-de-largent-de-lucky-jet\/#primaryimage"},"image":{"@id":"https:\/\/luckyjet.io\/fr\/comment-retirer-de-largent-de-lucky-jet\/#primaryimage"},"thumbnailUrl":"https:\/\/luckyjet.io\/wp-content\/uploads\/2024\/10\/How-to-Withdraw-Money-From-Lucky-Jet.png","datePublished":"2024-10-26T14:59:34+00:00","dateModified":"2024-12-17T18:28:54+00:00","breadcrumb":{"@id":"https:\/\/luckyjet.io\/fr\/comment-retirer-de-largent-de-lucky-jet\/#breadcrumb"},"inLanguage":"fr-FR","potentialAction":[{"@type":"ReadAction","target":["https:\/\/luckyjet.io\/fr\/comment-retirer-de-largent-de-lucky-jet\/"]}]},{"@type":"ImageObject","inLanguage":"fr-FR","@id":"https:\/\/luckyjet.io\/fr\/comment-retirer-de-largent-de-lucky-jet\/#primaryimage","url":"https:\/\/luckyjet.io\/wp-content\/uploads\/2024\/10\/How-to-Withdraw-Money-From-Lucky-Jet.png","contentUrl":"https:\/\/luckyjet.io\/wp-content\/uploads\/2024\/10\/How-to-Withdraw-Money-From-Lucky-Jet.png","width":837,"height":439},{"@type":"BreadcrumbList","@id":"https:\/\/luckyjet.io\/fr\/comment-retirer-de-largent-de-lucky-jet\/#breadcrumb","itemListElement":[{"@type":"ListItem","position":1,"name":"Home","item":"https:\/\/luckyjet.io\/fr\/"},{"@type":"ListItem","position":2,"name":"Comment retirer de l&rsquo;argent de Lucky Jet ?"}]},{"@type":"WebSite","@id":"https:\/\/luckyjet.io\/fr\/#website","url":"https:\/\/luckyjet.io\/fr\/","name":"Lucky Jet 1win","description":"","publisher":{"@id":"https:\/\/luckyjet.io\/fr\/#organization"},"alternateName":"Lucky Jet","potentialAction":[{"@type":"SearchAction","target":{"@type":"EntryPoint","urlTemplate":"https:\/\/luckyjet.io\/fr\/?s={search_term_string}"},"query-input":{"@type":"PropertyValueSpecification","valueRequired":true,"valueName":"search_term_string"}}],"inLanguage":"fr-FR"},{"@type":"Organization","@id":"https:\/\/luckyjet.io\/fr\/#organization","name":"Lucky Jet 1win","url":"https:\/\/luckyjet.io\/fr\/","logo":{"@type":"ImageObject","inLanguage":"fr-FR","@id":"https:\/\/luckyjet.io\/fr\/#\/schema\/logo\/image\/","url":"https:\/\/luckyjet.io\/wp-content\/uploads\/2024\/10\/cropped-lucky-jet.png","contentUrl":"https:\/\/luckyjet.io\/wp-content\/uploads\/2024\/10\/cropped-lucky-jet.png","width":236,"height":79,"caption":"Lucky Jet 1win"},"image":{"@id":"https:\/\/luckyjet.io\/fr\/#\/schema\/logo\/image\/"}}]}},"_links":{"self":[{"href":"https:\/\/luckyjet.io\/fr\/wp-json\/wp\/v2\/pages\/763","targetHints":{"allow":["GET"]}}],"collection":[{"href":"https:\/\/luckyjet.io\/fr\/wp-json\/wp\/v2\/pages"}],"about":[{"href":"https:\/\/luckyjet.io\/fr\/wp-json\/wp\/v2\/types\/page"}],"author":[{"embeddable":true,"href":"https:\/\/luckyjet.io\/fr\/wp-json\/wp\/v2\/users\/1"}],"replies":[{"embeddable":true,"href":"https:\/\/luckyjet.io\/fr\/wp-json\/wp\/v2\/comments?post=763"}],"version-history":[{"count":2,"href":"https:\/\/luckyjet.io\/fr\/wp-json\/wp\/v2\/pages\/763\/revisions"}],"predecessor-version":[{"id":1204,"href":"https:\/\/luckyjet.io\/fr\/wp-json\/wp\/v2\/pages\/763\/revisions\/1204"}],"wp:featuredmedia":[{"embeddable":true,"href":"https:\/\/luckyjet.io\/fr\/wp-json\/wp\/v2\/media\/471"}],"wp:attachment":[{"href":"https:\/\/luckyjet.io\/fr\/wp-json\/wp\/v2\/media?parent=763"}],"curies":[{"name":"wp","href":"https:\/\/api.w.org\/{rel}","templated":true}]}}