{"id":628,"date":"2024-10-26T14:59:34","date_gmt":"2024-10-26T14:59:34","guid":{"rendered":"https:\/\/luckyjet.io\/lucky-jet-d%c9%99n-nec%c9%99-pul-cixarmaq-olar\/"},"modified":"2024-12-17T18:28:54","modified_gmt":"2024-12-17T18:28:54","slug":"lucky-jet-d%c9%99n-nec%c9%99-pul-cixarmaq-olar","status":"publish","type":"page","link":"https:\/\/luckyjet.io\/az\/lucky-jet-d%c9%99n-nec%c9%99-pul-cixarmaq-olar\/","title":{"rendered":"Lucky Jet-d\u0259n nec\u0259 pul \u00e7\u0131xarmaq olar"},"content":{"rendered":"\t\t<div data-elementor-type=\"wp-page\" data-elementor-id=\"628\" class=\"elementor elementor-628\">\n\t\t\t\t<div class=\"elementor-element elementor-element-7079a769 e-flex e-con-boxed e-con e-parent\" data-id=\"7079a769\" data-element_type=\"container\">\n\t\t\t\t\t<div class=\"e-con-inner\">\n\t\t\t\t<div class=\"elementor-element elementor-element-327248a elementor-widget elementor-widget-text-editor\" data-id=\"327248a\" data-element_type=\"widget\" data-widget_type=\"text-editor.default\">\n\t\t\t\t<div class=\"elementor-widget-container\">\n\t\t\t\t\t\t\t\t\tLucky Jet onlayn oyun h\u0259v\u0259skarlar\u0131 \u00fc\u00e7\u00fcn \u0259n populyar oyunlardan birin\u0259 \u00e7evrildi. Bu b\u0259l\u0259d\u00e7i u\u011furlu \u0259m\u0259liyyat\u0131 t\u0259min etm\u0259k \u00fc\u00e7\u00fcn add\u0131mlar\u0131, m\u00f6vcud \u00fcsullar\u0131 v\u0259 tez-tez veril\u0259n suallar\u0131 t\u0259f\u0259rr\u00fcatland\u0131raraq Lucky Jet-d\u0259n udu\u015flar\u0131n\u0131z\u0131 nec\u0259 geri g\u00f6t\u00fcr\u0259c\u0259yiniz\u0259 h\u0259rt\u0259r\u0259fli n\u0259z\u0259r sal\u0131r. <a href=\"https:\/\/luckyjet.io\/az\/\">Lucky Jet,<\/a> s\u00fcr\u0259tli templi oyunu \u0259h\u0259miyy\u0259tli qazanc potensial\u0131 il\u0259 birl\u0259\u015fdir\u0259n onlayn q\u0259za oyunudur. Oyun\u00e7ular, t\u0259yyar\u0259nin q\u0259zaya u\u011framazdan \u0259vv\u0259l havada n\u0259 q\u0259d\u0259r qala bil\u0259c\u0259yin\u0259 m\u0259rc edirl\u0259r, udu\u015flar is\u0259 m\u0259rcl\u0259rini saxlad\u0131qca art\u0131r. B\u00f6y\u00fck m\u00fckafatlar ehtimal\u0131 il\u0259, geri \u00e7\u0259kilm\u0259 prosesini ba\u015fa d\u00fc\u015fm\u0259k oyun\u00e7ular \u00fc\u00e7\u00fcn vacibdir. \n\n  \n<h2>Lucky Jet \u00c7\u0131xarma Prosesin\u0259 Bax\u0131\u015f<\/h2>\nLucky Jet-d\u0259 pulun \u00e7\u0131xar\u0131lmas\u0131 prosesi sad\u0259dir, lakin bir ne\u00e7\u0259 add\u0131m\u0131 d\u0259qiq \u015f\u0259kild\u0259 yerin\u0259 yetirm\u0259k laz\u0131md\u0131r. \u00dcmumiyy\u0259tl\u0259, geri \u00e7\u0259kilm\u0259 t\u0259l\u0259b olunur: \n<ul>\n \t<li>T\u0259hl\u00fck\u0259sizlik \u00fc\u00e7\u00fcn <strong>\u015f\u0259xsiyy\u0259tin yoxlan\u0131lmas\u0131<\/strong> .<\/li>\n \t<li>Bank k\u00f6\u00e7\u00fcrm\u0259l\u0259ri, elektron pul kis\u0259l\u0259ri v\u0259 ya kriptovalyuta kimi <strong>\u00f6d\u0259ni\u015f \u00fcsullar\u0131n\u0131n<\/strong> se\u00e7imi.<\/li>\n \t<li>Minimum geri \u00e7\u0259kilm\u0259 t\u0259l\u0259bl\u0259rin\u0259 cavab verm\u0259k v\u0259 platforma t\u0259limatlar\u0131na \u0259m\u0259l etm\u0259k.<\/li>\n<\/ul>\n<h2>Lucky Jet-d\u0259n \u00e7\u0131xmaq \u00fc\u00e7\u00fcn add\u0131m-add\u0131m t\u0259limat<\/h2>\n<strong>Add\u0131m 1: Lucky Jet Hesab\u0131n\u0131za daxil olun<\/strong>\n Hesab\u0131n\u0131za daxil olduqdan sonra, ad\u0259t\u0259n &#8220;M\u0259nim Hesab\u0131m&#8221; v\u0259 ya &#8220;C\u00fczdan&#8221; alt\u0131nda pul \u00e7\u0131xarma b\u00f6lm\u0259sin\u0259 ke\u00e7in. <strong>Add\u0131m 2: \u00c7\u0131xarma Metodunuzu se\u00e7in<\/strong>\n Lucky Jet kredit\/debet kartlar\u0131, bank k\u00f6\u00e7\u00fcrm\u0259l\u0259ri, elektron c\u00fczdanlar v\u0259 kriptovalyutalar da daxil olmaqla m\u00fcxt\u0259lif pul \u00e7\u0131xarma variantlar\u0131n\u0131 t\u0259klif edir. H\u0259m \u0259l\u00e7atan, h\u0259m d\u0259 \u0259lveri\u015fli \u00fcsul se\u00e7in. <strong>Add\u0131m 3: \u015e\u0259xsiyy\u0259tinizi Do\u011frulay\u0131n<\/strong>\n T\u0259hl\u00fck\u0259sizlik qaydalar\u0131na g\u00f6r\u0259, Lucky Jet \u015f\u0259xsiyy\u0259tin yoxlan\u0131lmas\u0131n\u0131 t\u0259l\u0259b ed\u0259 bil\u0259r. \u015e\u0259xsiyy\u0259t v\u0259siq\u0259si, kommunal \u00f6d\u0259ni\u015f v\u0259 ya bank \u00e7\u0131xar\u0131\u015f\u0131 kimi s\u0259n\u0259dl\u0259r haz\u0131r olsun. <strong>Add\u0131m 4: \u00c7\u0131xarma m\u0259bl\u0259\u011fini daxil edin<\/strong>\n Tercih etdiyiniz pul \u00e7\u0131xarma \u00fcsulunu se\u00e7dikd\u0259n sonra \u00e7\u0131xarmaq ist\u0259diyiniz m\u0259bl\u0259\u011fi daxil edin. Onun minimum v\u0259 maksimum h\u0259dl\u0259r\u0259 cavab verdiyin\u0259 \u0259min olun. <strong>Add\u0131m 5: \u00c7\u0131xarman\u0131 t\u0259sdiql\u0259yin<\/strong>\n B\u00fct\u00fcn daxil edilmi\u015f t\u0259f\u0259rr\u00fcatlar\u0131 iki d\u0259f\u0259 yoxlay\u0131n, sonra t\u0259sdiql\u0259yin. Sor\u011funuzla ba\u011fl\u0131 yenil\u0259m\u0259l\u0259r \u00fc\u00e7\u00fcn e-po\u00e7tunuza v\u0259 ya bildiri\u015fl\u0259r\u0259 diqq\u0259t yetirin.\n\n \n\n \n\n \n\n \n\n<img fetchpriority=\"high\" decoding=\"async\" class=\"aligncenter wp-image-253 \" src=\"https:\/\/luckyjet.io\/wp-content\/uploads\/2024\/11\/Withdraw-Money-From-Lucky-Jet.webp\" alt=\"\" width=\"677\" height=\"387\" srcset=\"https:\/\/luckyjet.io\/wp-content\/uploads\/2024\/11\/Withdraw-Money-From-Lucky-Jet.webp 1792w, https:\/\/luckyjet.io\/wp-content\/uploads\/2024\/11\/Withdraw-Money-From-Lucky-Jet-300x171.webp 300w, https:\/\/luckyjet.io\/wp-content\/uploads\/2024\/11\/Withdraw-Money-From-Lucky-Jet-1024x585.webp 1024w, https:\/\/luckyjet.io\/wp-content\/uploads\/2024\/11\/Withdraw-Money-From-Lucky-Jet-768x439.webp 768w, https:\/\/luckyjet.io\/wp-content\/uploads\/2024\/11\/Withdraw-Money-From-Lucky-Jet-1536x878.webp 1536w\" sizes=\"(max-width: 677px) 100vw, 677px\" \/>\n<h2>\u015eansl\u0131 Jet \u00c7\u0131xar\u0131\u015flar\u0131 \u00fc\u00e7\u00fcn M\u00f6vcud \u00d6d\u0259ni\u015f Metodlar\u0131<\/h2>\nLucky Jet b\u00fct\u00fcn d\u00fcnyada oyun\u00e7u se\u00e7iml\u0259rin\u0259 uy\u011funla\u015fmaq \u00fc\u00e7\u00fcn m\u00fcxt\u0259lif \u00f6d\u0259ni\u015f \u00fcsullar\u0131n\u0131 d\u0259st\u0259kl\u0259yir. H\u0259r bir variant\u0131n \u00f6z\u00fcn\u0259m\u0259xsus emal vaxtlar\u0131, \u00f6d\u0259ni\u015fl\u0259ri v\u0259 t\u0259l\u0259bl\u0259ri var. <strong>Bank k\u00f6\u00e7\u00fcrm\u0259l\u0259ri<\/strong>\n Bank k\u00f6\u00e7\u00fcrm\u0259l\u0259ri birba\u015fa pul \u00e7\u0131xarmaq \u00fc\u00e7\u00fcn etibarl\u0131 bir \u00fcsuldur. Bununla bel\u0259, onlar \u0259lav\u0259 r\u00fcsumlara m\u0259ruz qala bil\u0259r v\u0259 i\u015fl\u0259nm\u0259si be\u015f i\u015f g\u00fcn\u00fcn\u0259 q\u0259d\u0259r \u00e7\u0259k\u0259 bil\u0259r. <strong>Kredit v\u0259 Debet Kartlar\u0131<\/strong>\n Geni\u015f istifad\u0259 olunan v\u0259 sad\u0259 kredit\/debet kartlar\u0131 etibarl\u0131 pul \u00e7\u0131xarma se\u00e7imi t\u0259klif edir. Potensial beyn\u0259lxalq \u0259m\u0259liyyat haqlar\u0131 bar\u0259d\u0259 kart emitentinizl\u0259 t\u0259sdiql\u0259yin. <strong>Elektron pul kis\u0259l\u0259ri (PayPal, Skrill, Neteller)<\/strong>\n Elektron c\u00fczdanlar a\u015fa\u011f\u0131 \u00f6d\u0259ni\u015fl\u0259rl\u0259 s\u00fcr\u0259tli, t\u0259hl\u00fck\u0259siz pul \u00e7\u0131xarma\u011f\u0131 t\u0259klif edir. Onlar h\u0259m\u00e7inin \u0259m\u0259liyyatlar\u0131 asanl\u0131qla izl\u0259m\u0259y\u0259 imkan verir v\u0259 onlar\u0131 onlayn oyun\u00e7ular aras\u0131nda populyar edir. <strong>Kriptovalyuta (Bitcoin, Ethereum v\u0259 s.)<\/strong>\n Kriptovalyuta s\u00fcr\u0259tli, \u00f6d\u0259ni\u015fsiz pul \u00e7\u0131xarma variantlar\u0131 t\u0259qdim edir. Kripto pul kis\u0259nizin quruldu\u011fundan v\u0259 Lucky Jet-in kriptovalyuta se\u00e7iml\u0259ri il\u0259 uy\u011fun oldu\u011fundan \u0259min olun. \n\n \n\n \n\n \n\n \n<h2>Minimum v\u0259 Maksimum \u00c7\u0131xarma Limitl\u0259ri<\/h2>\nH\u0259r bir \u00f6d\u0259ni\u015f metodunun x\u00fcsusi minimum v\u0259 maksimum limitl\u0259ri var. \u00dcmumiyy\u0259tl\u0259, elektron c\u00fczdanlar v\u0259 kriptovalyutalar \u0259n\u0259n\u0259vi bank k\u00f6\u00e7\u00fcrm\u0259l\u0259ri il\u0259 m\u00fcqayis\u0259d\u0259 daha a\u015fa\u011f\u0131 minimum limitl\u0259r\u0259 malikdirl\u0259r. \n<table>\n<thead>\n<tr>\n<th>\u00d6d\u0259ni\u015f metodu<\/th>\n <th>Minimum \u00c7\u0131xarma<\/th>\n <th>Maksimum \u00c7\u0131xarma<\/th>\n <th>Emal vaxt\u0131<\/th>\n<\/tr>\n<\/thead>\n<tbody>\n<tr>\n<td>Bank k\u00f6\u00e7\u00fcrm\u0259si<\/td>\n <td>50 dollar<\/td>\n <td>10 000 dollar<\/td>\n <td>3-5 \u0130\u015f G\u00fcn\u00fc<\/td>\n<\/tr>\n<tr>\n<td>Elektron pul kis\u0259l\u0259ri<\/td>\n <td>10 dollar<\/td>\n <td>5000 dollar<\/td>\n <td>1-2 \u0130\u015f G\u00fcn\u00fc<\/td>\n<\/tr>\n<tr>\n<td>Kripto<\/td>\n <td>20 dollar<\/td>\n <td>15 000 dollar<\/td>\n <td>24 saata q\u0259d\u0259r d\u0259rhal<\/td>\n<\/tr>\n<\/tbody>\n<\/table>\n<h2>\u00c7\u0131xarma gecikm\u0259l\u0259rind\u0259n v\u0259 s\u0259hvl\u0259rind\u0259n qa\u00e7\u0131nmaq \u00fc\u00e7\u00fcn m\u0259sl\u0259h\u0259tl\u0259r<\/h2>\n<ol>\n \t<li><strong>Hesab\u0131n\u0131z\u0131 Erk\u0259n Do\u011frulay\u0131n<\/strong> : Do\u011frulama s\u0259n\u0259dl\u0259rinin \u0259vv\u0259lc\u0259d\u0259n t\u0259qdim edilm\u0259si gecikm\u0259l\u0259ri minimuma endirir.<\/li>\n \t<li><strong>T\u0259f\u0259rr\u00fcatlar\u0131 iki d\u0259f\u0259 yoxlay\u0131n<\/strong> : Bank m\u0259lumatlar\u0131n\u0131z\u0131n v\u0259 ya pul kis\u0259si \u00fcnvanlar\u0131n\u0131z\u0131n d\u00fczg\u00fcn oldu\u011fundan \u0259min olun.<\/li>\n \t<li><strong>Etibarl\u0131 \u0130nternetd\u0259n istifad\u0259 edin<\/strong> : T\u0259hl\u00fck\u0259siz ba\u011flant\u0131lar\u0131 t\u0259min etm\u0259k \u00fc\u00e7\u00fcn pul \u00e7\u0131xarma\u011fa ba\u015flayark\u0259n ictimai Wi-Fi-dan \u00e7\u0259kinin.<\/li>\n<\/ol>\n<h2>Xo\u015fb\u0259xt Jet \u00c7\u0131xar\u0131\u015flar\u0131 \u00fc\u00e7\u00fcn \u00dcmumi Probleml\u0259r v\u0259 Probleml\u0259rin aradan qald\u0131r\u0131lmas\u0131<\/h2>\nLucky Jet-in geri \u00e7\u0259kilm\u0259si ad\u0259t\u0259n hamar olsa da, oyun\u00e7ular b\u0259z\u0259n probleml\u0259rl\u0259 qar\u015f\u0131la\u015fa bil\u0259rl\u0259r. Budur \u00fcmumi probleml\u0259r v\u0259 h\u0259ll\u0259r: \n<ul>\n \t<li><strong>Gecikmi\u015f emal<\/strong> : B\u00fct\u00fcn hesab yoxlamalar\u0131n\u0131 tamamlad\u0131\u011f\u0131n\u0131z\u0131 t\u0259sdiql\u0259yin. Emal m\u00fcdd\u0259tl\u0259ri se\u00e7ilmi\u015f \u00f6d\u0259ni\u015f \u00fcsulundan as\u0131l\u0131 olaraq d\u0259yi\u015fir. <\/li>\n \t<li><strong>U\u011fursuz \u00c7\u0131xarma<\/strong> : Bu, daxil edilmi\u015f t\u0259f\u0259rr\u00fcatlar s\u0259hv olduqda v\u0259 ya hesab t\u0259sdiql\u0259nm\u0259dikd\u0259 ba\u015f ver\u0259 bil\u0259r. B\u00fct\u00fcn m\u0259lumatlar\u0131n bank v\u0259 ya pul kis\u0259si m\u0259lumatlar\u0131n\u0131za uy\u011fun oldu\u011fundan \u0259min olun. <\/li>\n \t<li><strong>Y\u00fcks\u0259k R\u00fcsumlar<\/strong> : B\u0259zi \u00f6d\u0259ni\u015f \u00fcsullar\u0131 dig\u0259rl\u0259rind\u0259n daha y\u00fcks\u0259k \u00f6d\u0259ni\u015fl\u0259r apar\u0131r. \u018fg\u0259r \u00f6d\u0259ni\u015fl\u0259r problemdirs\u0259, elektron pul kis\u0259l\u0259ri v\u0259 ya kriptovalyutalardan istifad\u0259 etm\u0259yi d\u00fc\u015f\u00fcn\u00fcn. <\/li>\n<\/ul>\n<h2>Tez-tez veril\u0259n suallar (FAQ)<\/h2>\n<strong>S1: Lucky Jet-d\u0259n pul \u00e7\u0131xarma\u011f\u0131n \u0259n s\u00fcr\u0259tli \u00fcsulu hans\u0131d\u0131r?<\/strong>\n<strong>Cavab<\/strong> : Elektron pul kis\u0259l\u0259ri v\u0259 kriptovalyutalar ad\u0259t\u0259n \u0259n s\u00fcr\u0259tli emal vaxtlar\u0131n\u0131 t\u0259klif edir, b\u0259zi \u0259m\u0259liyyatlar bir ne\u00e7\u0259 d\u0259qiq\u0259 \u0259rzind\u0259 tamamlan\u0131r.\n\n<strong>S2: Lucky Jet-d\u0259n pul \u00e7\u0131xarmaq \u00fc\u00e7\u00fcn komissiya varm\u0131?<\/strong>\n<strong>A<\/strong> : R\u00fcsumlar \u00f6d\u0259ni\u015f \u00fcsuluna g\u00f6r\u0259 d\u0259yi\u015fir. Bank k\u00f6\u00e7\u00fcrm\u0259l\u0259ri v\u0259 kredit kartlar\u0131nda tez-tez daha y\u00fcks\u0259k komissiyalar olur, elektron pul kis\u0259l\u0259ri v\u0259 kriptovalyutalar is\u0259 daha s\u0259rf\u0259li olur. \n\n<strong>3-c\u00fc sual: Lucky Jet-d\u0259n pul almaq n\u0259 q\u0259d\u0259r vaxt apar\u0131r?<\/strong>\n<strong>A<\/strong> : \u00c7\u0131xar\u0131lma vaxtlar\u0131 d\u0259yi\u015fir. Elektron pul kis\u0259l\u0259ri 24 saatdan az m\u00fcdd\u0259td\u0259 i\u015fl\u0259n\u0259 bil\u0259r, bank k\u00f6\u00e7\u00fcrm\u0259l\u0259ri is\u0259 3-5 i\u015f g\u00fcn\u00fc \u00e7\u0259k\u0259 bil\u0259r. \n\n<strong>4-c\u00fc sual: M\u0259n Lucky Jet-d\u0259 pulun \u00e7\u0131xar\u0131lmas\u0131 sor\u011fusunu l\u0259\u011fv ed\u0259 bil\u0259r\u0259mmi?<\/strong>\n<strong>Cavab<\/strong> : B\u0259li, \u0259g\u0259r sor\u011funuz h\u0259l\u0259 d\u0259 g\u00f6zl\u0259nilmirs\u0259, ad\u0259t\u0259n hesab\u0131n\u0131zdak\u0131 pul \u00e7\u0131xarma tarix\u00e7\u0259sin\u0259 daxil olaraq onu l\u0259\u011fv ed\u0259 bil\u0259rsiniz.\n\n<strong>5-ci sual: N\u0259 \u00fc\u00e7\u00fcn geri \u00e7\u0259kilm\u0259 t\u0259l\u0259bim r\u0259dd edildi?<\/strong>\n<strong>A<\/strong> : \u00dcmumi s\u0259b\u0259bl\u0259r aras\u0131nda kifay\u0259t q\u0259d\u0259r v\u0259sait olmamas\u0131, t\u0259sdiql\u0259nm\u0259mi\u015f hesablar v\u0259 ya se\u00e7ilmi\u015f \u00f6d\u0259ni\u015f \u00fcsulu il\u0259 ba\u011fl\u0131 probleml\u0259r daxildir. Probleml\u0259rl\u0259 qar\u015f\u0131la\u015fsan\u0131z, yard\u0131m \u00fc\u00e7\u00fcn m\u00fc\u015ft\u0259ri d\u0259st\u0259yi il\u0259 \u0259laq\u0259 saxlay\u0131n. <strong>N\u0259tic\u0259<\/strong>\n Pulunuzu Lucky Jet-d\u0259n \u00e7\u0131xarmaq, laz\u0131mi add\u0131mlar\u0131 izl\u0259s\u0259niz, d\u00fczg\u00fcn \u00f6d\u0259ni\u015f \u00fcsulunu se\u00e7s\u0259niz v\u0259 h\u0259r hans\u0131 potensial r\u00fcsum v\u0259 ya gecikm\u0259l\u0259ri izl\u0259s\u0259niz, hamar v\u0259 q\u0259na\u0259tb\u0259x\u015f bir proses ola bil\u0259r. \u0130st\u0259r Lucky Jet-d\u0259 yeni olsan\u0131z, ist\u0259rs\u0259 d\u0259 t\u0259cr\u00fcb\u0259li oyun\u00e7u olma\u011f\u0131n\u0131zdan as\u0131l\u0131 olmayaraq, bu b\u0259l\u0259d\u00e7i u\u011furlu geri \u00e7\u0259kilm\u0259 \u00fc\u00e7\u00fcn laz\u0131m olan h\u0259r \u015fey\u0259 sahib olman\u0131z\u0131 t\u0259min ed\u0259c\u0259k. \n\n \t\t\t\t\t\t\t\t<\/div>\n\t\t\t\t<\/div>\n\t\t\t\t\t<\/div>\n\t\t\t\t<\/div>\n\t\t\t\t<\/div>\n\t\t","protected":false},"excerpt":{"rendered":"<p>Lucky Jet onlayn oyun h\u0259v\u0259skarlar\u0131 \u00fc\u00e7\u00fcn \u0259n populyar oyunlardan birin\u0259 \u00e7evrildi. Bu b\u0259l\u0259d\u00e7i u\u011furlu \u0259m\u0259liyyat\u0131 t\u0259min etm\u0259k \u00fc\u00e7\u00fcn add\u0131mlar\u0131, m\u00f6vcud [&hellip;]<\/p>\n","protected":false},"author":1,"featured_media":469,"parent":0,"menu_order":0,"comment_status":"closed","ping_status":"closed","template":"","meta":{"site-sidebar-layout":"default","site-content-layout":"","ast-site-content-layout":"default","site-content-style":"default","site-sidebar-style":"default","ast-global-header-display":"","ast-banner-title-visibility":"","ast-main-header-display":"","ast-hfb-above-header-display":"","ast-hfb-below-header-display":"","ast-hfb-mobile-header-display":"","site-post-title":"","ast-breadcrumbs-content":"","ast-featured-img":"disabled","footer-sml-layout":"","theme-transparent-header-meta":"default","adv-header-id-meta":"","stick-header-meta":"","header-above-stick-meta":"","header-main-stick-meta":"","header-below-stick-meta":"","astra-migrate-meta-layouts":"default","ast-page-background-enabled":"default","ast-page-background-meta":{"desktop":{"background-color":"var(--ast-global-color-4)","background-image":"","background-repeat":"repeat","background-position":"center center","background-size":"auto","background-attachment":"scroll","background-type":"","background-media":"","overlay-type":"","overlay-color":"","overlay-opacity":"","overlay-gradient":""},"tablet":{"background-color":"","background-image":"","background-repeat":"repeat","background-position":"center center","background-size":"auto","background-attachment":"scroll","background-type":"","background-media":"","overlay-type":"","overlay-color":"","overlay-opacity":"","overlay-gradient":""},"mobile":{"background-color":"","background-image":"","background-repeat":"repeat","background-position":"center center","background-size":"auto","background-attachment":"scroll","background-type":"","background-media":"","overlay-type":"","overlay-color":"","overlay-opacity":"","overlay-gradient":""}},"ast-content-background-meta":{"desktop":{"background-color":"var(--ast-global-color-5)","background-image":"","background-repeat":"repeat","background-position":"center center","background-size":"auto","background-attachment":"scroll","background-type":"","background-media":"","overlay-type":"","overlay-color":"","overlay-opacity":"","overlay-gradient":""},"tablet":{"background-color":"var(--ast-global-color-5)","background-image":"","background-repeat":"repeat","background-position":"center center","background-size":"auto","background-attachment":"scroll","background-type":"","background-media":"","overlay-type":"","overlay-color":"","overlay-opacity":"","overlay-gradient":""},"mobile":{"background-color":"var(--ast-global-color-5)","background-image":"","background-repeat":"repeat","background-position":"center center","background-size":"auto","background-attachment":"scroll","background-type":"","background-media":"","overlay-type":"","overlay-color":"","overlay-opacity":"","overlay-gradient":""}},"footnotes":""},"class_list":["post-628","page","type-page","status-publish","has-post-thumbnail","hentry"],"yoast_head":"<!-- This site is optimized with the Yoast SEO plugin v25.3.1 - https:\/\/yoast.com\/wordpress\/plugins\/seo\/ -->\n<title>Lucky Jet-d\u0259n nec\u0259 pul \u00e7\u0131xarmaq olar -<\/title>\n<meta name=\"robots\" content=\"index, follow, max-snippet:-1, max-image-preview:large, max-video-preview:-1\" \/>\n<link rel=\"canonical\" href=\"https:\/\/luckyjet.io\/az\/lucky-jet-d%c9%99n-nec%c9%99-pul-cixarmaq-olar\/\" \/>\n<meta property=\"og:locale\" content=\"az_AZ\" \/>\n<meta property=\"og:type\" content=\"article\" \/>\n<meta property=\"og:title\" content=\"Lucky Jet-d\u0259n nec\u0259 pul \u00e7\u0131xarmaq olar -\" \/>\n<meta property=\"og:description\" content=\"Lucky Jet onlayn oyun h\u0259v\u0259skarlar\u0131 \u00fc\u00e7\u00fcn \u0259n populyar oyunlardan birin\u0259 \u00e7evrildi. Bu b\u0259l\u0259d\u00e7i u\u011furlu \u0259m\u0259liyyat\u0131 t\u0259min etm\u0259k \u00fc\u00e7\u00fcn add\u0131mlar\u0131, m\u00f6vcud [&hellip;]\" \/>\n<meta property=\"og:url\" content=\"https:\/\/luckyjet.io\/az\/lucky-jet-d%c9%99n-nec%c9%99-pul-cixarmaq-olar\/\" \/>\n<meta property=\"article:modified_time\" content=\"2024-12-17T18:28:54+00:00\" \/>\n<meta property=\"og:image\" content=\"https:\/\/luckyjet.io\/wp-content\/uploads\/2024\/10\/How-to-Withdraw-Money-From-Lucky-Jet.png\" \/>\n\t<meta property=\"og:image:width\" content=\"837\" \/>\n\t<meta property=\"og:image:height\" content=\"439\" \/>\n\t<meta property=\"og:image:type\" content=\"image\/png\" \/>\n<meta name=\"twitter:card\" content=\"summary_large_image\" \/>\n<meta name=\"twitter:label1\" content=\"Est. reading time\" \/>\n\t<meta name=\"twitter:data1\" content=\"7 minutes\" \/>\n<script type=\"application\/ld+json\" class=\"yoast-schema-graph\">{\"@context\":\"https:\/\/schema.org\",\"@graph\":[{\"@type\":\"WebPage\",\"@id\":\"https:\/\/luckyjet.io\/az\/lucky-jet-d%c9%99n-nec%c9%99-pul-cixarmaq-olar\/\",\"url\":\"https:\/\/luckyjet.io\/az\/lucky-jet-d%c9%99n-nec%c9%99-pul-cixarmaq-olar\/\",\"name\":\"Lucky Jet-d\u0259n nec\u0259 pul \u00e7\u0131xarmaq olar -\",\"isPartOf\":{\"@id\":\"https:\/\/luckyjet.io\/az\/#website\"},\"primaryImageOfPage\":{\"@id\":\"https:\/\/luckyjet.io\/az\/lucky-jet-d%c9%99n-nec%c9%99-pul-cixarmaq-olar\/#primaryimage\"},\"image\":{\"@id\":\"https:\/\/luckyjet.io\/az\/lucky-jet-d%c9%99n-nec%c9%99-pul-cixarmaq-olar\/#primaryimage\"},\"thumbnailUrl\":\"https:\/\/luckyjet.io\/wp-content\/uploads\/2024\/10\/How-to-Withdraw-Money-From-Lucky-Jet.png\",\"datePublished\":\"2024-10-26T14:59:34+00:00\",\"dateModified\":\"2024-12-17T18:28:54+00:00\",\"breadcrumb\":{\"@id\":\"https:\/\/luckyjet.io\/az\/lucky-jet-d%c9%99n-nec%c9%99-pul-cixarmaq-olar\/#breadcrumb\"},\"inLanguage\":\"az\",\"potentialAction\":[{\"@type\":\"ReadAction\",\"target\":[\"https:\/\/luckyjet.io\/az\/lucky-jet-d%c9%99n-nec%c9%99-pul-cixarmaq-olar\/\"]}]},{\"@type\":\"ImageObject\",\"inLanguage\":\"az\",\"@id\":\"https:\/\/luckyjet.io\/az\/lucky-jet-d%c9%99n-nec%c9%99-pul-cixarmaq-olar\/#primaryimage\",\"url\":\"https:\/\/luckyjet.io\/wp-content\/uploads\/2024\/10\/How-to-Withdraw-Money-From-Lucky-Jet.png\",\"contentUrl\":\"https:\/\/luckyjet.io\/wp-content\/uploads\/2024\/10\/How-to-Withdraw-Money-From-Lucky-Jet.png\",\"width\":837,\"height\":439},{\"@type\":\"BreadcrumbList\",\"@id\":\"https:\/\/luckyjet.io\/az\/lucky-jet-d%c9%99n-nec%c9%99-pul-cixarmaq-olar\/#breadcrumb\",\"itemListElement\":[{\"@type\":\"ListItem\",\"position\":1,\"name\":\"Home\",\"item\":\"https:\/\/luckyjet.io\/az\/\"},{\"@type\":\"ListItem\",\"position\":2,\"name\":\"Lucky Jet-d\u0259n nec\u0259 pul \u00e7\u0131xarmaq olar\"}]},{\"@type\":\"WebSite\",\"@id\":\"https:\/\/luckyjet.io\/az\/#website\",\"url\":\"https:\/\/luckyjet.io\/az\/\",\"name\":\"Lucky Jet 1win\",\"description\":\"\",\"publisher\":{\"@id\":\"https:\/\/luckyjet.io\/az\/#organization\"},\"alternateName\":\"Lucky Jet\",\"potentialAction\":[{\"@type\":\"SearchAction\",\"target\":{\"@type\":\"EntryPoint\",\"urlTemplate\":\"https:\/\/luckyjet.io\/az\/?s={search_term_string}\"},\"query-input\":{\"@type\":\"PropertyValueSpecification\",\"valueRequired\":true,\"valueName\":\"search_term_string\"}}],\"inLanguage\":\"az\"},{\"@type\":\"Organization\",\"@id\":\"https:\/\/luckyjet.io\/az\/#organization\",\"name\":\"Lucky Jet 1win\",\"url\":\"https:\/\/luckyjet.io\/az\/\",\"logo\":{\"@type\":\"ImageObject\",\"inLanguage\":\"az\",\"@id\":\"https:\/\/luckyjet.io\/az\/#\/schema\/logo\/image\/\",\"url\":\"https:\/\/luckyjet.io\/wp-content\/uploads\/2024\/10\/cropped-lucky-jet.png\",\"contentUrl\":\"https:\/\/luckyjet.io\/wp-content\/uploads\/2024\/10\/cropped-lucky-jet.png\",\"width\":236,\"height\":79,\"caption\":\"Lucky Jet 1win\"},\"image\":{\"@id\":\"https:\/\/luckyjet.io\/az\/#\/schema\/logo\/image\/\"}}]}<\/script>\n<!-- \/ Yoast SEO plugin. -->","yoast_head_json":{"title":"Lucky Jet-d\u0259n nec\u0259 pul \u00e7\u0131xarmaq olar -","robots":{"index":"index","follow":"follow","max-snippet":"max-snippet:-1","max-image-preview":"max-image-preview:large","max-video-preview":"max-video-preview:-1"},"canonical":"https:\/\/luckyjet.io\/az\/lucky-jet-d%c9%99n-nec%c9%99-pul-cixarmaq-olar\/","og_locale":"az_AZ","og_type":"article","og_title":"Lucky Jet-d\u0259n nec\u0259 pul \u00e7\u0131xarmaq olar -","og_description":"Lucky Jet onlayn oyun h\u0259v\u0259skarlar\u0131 \u00fc\u00e7\u00fcn \u0259n populyar oyunlardan birin\u0259 \u00e7evrildi. Bu b\u0259l\u0259d\u00e7i u\u011furlu \u0259m\u0259liyyat\u0131 t\u0259min etm\u0259k \u00fc\u00e7\u00fcn add\u0131mlar\u0131, m\u00f6vcud [&hellip;]","og_url":"https:\/\/luckyjet.io\/az\/lucky-jet-d%c9%99n-nec%c9%99-pul-cixarmaq-olar\/","article_modified_time":"2024-12-17T18:28:54+00:00","og_image":[{"width":837,"height":439,"url":"https:\/\/luckyjet.io\/wp-content\/uploads\/2024\/10\/How-to-Withdraw-Money-From-Lucky-Jet.png","type":"image\/png"}],"twitter_card":"summary_large_image","twitter_misc":{"Est. reading time":"7 minutes"},"schema":{"@context":"https:\/\/schema.org","@graph":[{"@type":"WebPage","@id":"https:\/\/luckyjet.io\/az\/lucky-jet-d%c9%99n-nec%c9%99-pul-cixarmaq-olar\/","url":"https:\/\/luckyjet.io\/az\/lucky-jet-d%c9%99n-nec%c9%99-pul-cixarmaq-olar\/","name":"Lucky Jet-d\u0259n nec\u0259 pul \u00e7\u0131xarmaq olar -","isPartOf":{"@id":"https:\/\/luckyjet.io\/az\/#website"},"primaryImageOfPage":{"@id":"https:\/\/luckyjet.io\/az\/lucky-jet-d%c9%99n-nec%c9%99-pul-cixarmaq-olar\/#primaryimage"},"image":{"@id":"https:\/\/luckyjet.io\/az\/lucky-jet-d%c9%99n-nec%c9%99-pul-cixarmaq-olar\/#primaryimage"},"thumbnailUrl":"https:\/\/luckyjet.io\/wp-content\/uploads\/2024\/10\/How-to-Withdraw-Money-From-Lucky-Jet.png","datePublished":"2024-10-26T14:59:34+00:00","dateModified":"2024-12-17T18:28:54+00:00","breadcrumb":{"@id":"https:\/\/luckyjet.io\/az\/lucky-jet-d%c9%99n-nec%c9%99-pul-cixarmaq-olar\/#breadcrumb"},"inLanguage":"az","potentialAction":[{"@type":"ReadAction","target":["https:\/\/luckyjet.io\/az\/lucky-jet-d%c9%99n-nec%c9%99-pul-cixarmaq-olar\/"]}]},{"@type":"ImageObject","inLanguage":"az","@id":"https:\/\/luckyjet.io\/az\/lucky-jet-d%c9%99n-nec%c9%99-pul-cixarmaq-olar\/#primaryimage","url":"https:\/\/luckyjet.io\/wp-content\/uploads\/2024\/10\/How-to-Withdraw-Money-From-Lucky-Jet.png","contentUrl":"https:\/\/luckyjet.io\/wp-content\/uploads\/2024\/10\/How-to-Withdraw-Money-From-Lucky-Jet.png","width":837,"height":439},{"@type":"BreadcrumbList","@id":"https:\/\/luckyjet.io\/az\/lucky-jet-d%c9%99n-nec%c9%99-pul-cixarmaq-olar\/#breadcrumb","itemListElement":[{"@type":"ListItem","position":1,"name":"Home","item":"https:\/\/luckyjet.io\/az\/"},{"@type":"ListItem","position":2,"name":"Lucky Jet-d\u0259n nec\u0259 pul \u00e7\u0131xarmaq olar"}]},{"@type":"WebSite","@id":"https:\/\/luckyjet.io\/az\/#website","url":"https:\/\/luckyjet.io\/az\/","name":"Lucky Jet 1win","description":"","publisher":{"@id":"https:\/\/luckyjet.io\/az\/#organization"},"alternateName":"Lucky Jet","potentialAction":[{"@type":"SearchAction","target":{"@type":"EntryPoint","urlTemplate":"https:\/\/luckyjet.io\/az\/?s={search_term_string}"},"query-input":{"@type":"PropertyValueSpecification","valueRequired":true,"valueName":"search_term_string"}}],"inLanguage":"az"},{"@type":"Organization","@id":"https:\/\/luckyjet.io\/az\/#organization","name":"Lucky Jet 1win","url":"https:\/\/luckyjet.io\/az\/","logo":{"@type":"ImageObject","inLanguage":"az","@id":"https:\/\/luckyjet.io\/az\/#\/schema\/logo\/image\/","url":"https:\/\/luckyjet.io\/wp-content\/uploads\/2024\/10\/cropped-lucky-jet.png","contentUrl":"https:\/\/luckyjet.io\/wp-content\/uploads\/2024\/10\/cropped-lucky-jet.png","width":236,"height":79,"caption":"Lucky Jet 1win"},"image":{"@id":"https:\/\/luckyjet.io\/az\/#\/schema\/logo\/image\/"}}]}},"_links":{"self":[{"href":"https:\/\/luckyjet.io\/az\/wp-json\/wp\/v2\/pages\/628","targetHints":{"allow":["GET"]}}],"collection":[{"href":"https:\/\/luckyjet.io\/az\/wp-json\/wp\/v2\/pages"}],"about":[{"href":"https:\/\/luckyjet.io\/az\/wp-json\/wp\/v2\/types\/page"}],"author":[{"embeddable":true,"href":"https:\/\/luckyjet.io\/az\/wp-json\/wp\/v2\/users\/1"}],"replies":[{"embeddable":true,"href":"https:\/\/luckyjet.io\/az\/wp-json\/wp\/v2\/comments?post=628"}],"version-history":[{"count":2,"href":"https:\/\/luckyjet.io\/az\/wp-json\/wp\/v2\/pages\/628\/revisions"}],"predecessor-version":[{"id":1200,"href":"https:\/\/luckyjet.io\/az\/wp-json\/wp\/v2\/pages\/628\/revisions\/1200"}],"wp:featuredmedia":[{"embeddable":true,"href":"https:\/\/luckyjet.io\/az\/wp-json\/wp\/v2\/media\/469"}],"wp:attachment":[{"href":"https:\/\/luckyjet.io\/az\/wp-json\/wp\/v2\/media?parent=628"}],"curies":[{"name":"wp","href":"https:\/\/api.w.org\/{rel}","templated":true}]}}